{"id":11597,"date":"2026-01-14T16:41:25","date_gmt":"2026-01-14T14:41:25","guid":{"rendered":"https:\/\/faesafor.com\/es\/?page_id=11597"},"modified":"2026-01-14T16:45:36","modified_gmt":"2026-01-14T14:45:36","slug":"subvencion-ayto-gandia","status":"publish","type":"page","link":"https:\/\/faesafor.com\/es\/subvencion-ayto-gandia\/","title":{"rendered":"Subvenci\u00f3n Ayto. Gandia"},"content":{"rendered":"\n<h2 class=\"wp-block-heading\"><strong>Subvenci\u00f3n Ayuntamiento de Gandia<\/strong><\/h2>\n\n\n\n<p>Inf\u00f3rmate sobre la subvenci\u00f3n del Ayuntamiento de Gandia. Descarga y revisa el PDF adjunto para conocer todos los detalles y requisitos.<\/p>\n\n\n\n<div class=\"wp-block-buttons is-layout-flex wp-block-buttons-is-layout-flex\">\n<div class=\"wp-block-button\"><a class=\"wp-block-button__link wp-element-button\" href=\"https:\/\/faesafor.com\/es\/wp-content\/uploads\/2026\/01\/Notificacio-23-de-abril-2025-Ajuntament-de-Gandia.pdf\" target=\"_blank\" rel=\"noreferrer noopener\">Descargar PDF<\/a><\/div>\n<\/div>\n\n\n\n<p><\/p>\n","protected":false},"excerpt":{"rendered":"<p>Subvenci\u00f3n Ayuntamiento de Gandia Inf\u00f3rmate sobre la subvenci\u00f3n del Ayuntamiento de Gandia. Descarga y revisa el PDF adjunto para conocer<\/p>\n","protected":false},"author":2,"featured_media":0,"parent":0,"menu_order":0,"comment_status":"closed","ping_status":"closed","template":"","meta":{"colormag_page_layout":"default_layout","footnotes":""},"class_list":["post-11597","page","type-page","status-publish","hentry"],"_links":{"self":[{"href":"https:\/\/faesafor.com\/es\/wp-json\/wp\/v2\/pages\/11597","targetHints":{"allow":["GET"]}}],"collection":[{"href":"https:\/\/faesafor.com\/es\/wp-json\/wp\/v2\/pages"}],"about":[{"href":"https:\/\/faesafor.com\/es\/wp-json\/wp\/v2\/types\/page"}],"author":[{"embeddable":true,"href":"https:\/\/faesafor.com\/es\/wp-json\/wp\/v2\/users\/2"}],"replies":[{"embeddable":true,"href":"https:\/\/faesafor.com\/es\/wp-json\/wp\/v2\/comments?post=11597"}],"version-history":[{"count":3,"href":"https:\/\/faesafor.com\/es\/wp-json\/wp\/v2\/pages\/11597\/revisions"}],"predecessor-version":[{"id":11603,"href":"https:\/\/faesafor.com\/es\/wp-json\/wp\/v2\/pages\/11597\/revisions\/11603"}],"wp:attachment":[{"href":"https:\/\/faesafor.com\/es\/wp-json\/wp\/v2\/media?parent=11597"}],"curies":[{"name":"wp","href":"https:\/\/api.w.org\/{rel}","templated":true}]}}