{"id":19,"date":"2012-07-02T12:17:03","date_gmt":"2012-07-02T12:17:03","guid":{"rendered":"http:\/\/www.faesafor.com\/es\/?page_id=19"},"modified":"2016-02-05T23:35:59","modified_gmt":"2016-02-05T21:35:59","slug":"quienes-somos","status":"publish","type":"page","link":"https:\/\/faesafor.com\/es\/la-federacion\/quienes-somos\/","title":{"rendered":"\u00bfQui\u00e9nes somos?"},"content":{"rendered":"<p style=\"text-align: center;\"><strong>FAES: un reto, una necesidad<\/strong><\/p>\n<p style=\"text-align: justify;\">La Federaci\u00f3n de Asociaciones de Empresarios de la Safor (FAES) es una organizaci\u00f3n independiente, apol\u00edtica y sin \u00e1nimo de lucro, cuya finalidad es la de representar, gestionar y defender los intereses profesionales y empresariales de sus asociados, atendiendo sus necesidades de informaci\u00f3n, formaci\u00f3n y asesoramiento, y que nace con una especial vocaci\u00f3n de defensa de los intereses espec\u00edficos y de representaci\u00f3n de las empresas, encuadradas en las Asociaciones miembros, y vinculadas a su \u00e1mbito territorial. FAES se constituy\u00f3 en 1999 y tiene su sede social en el edificio de Fomento AIC en la calle Sant Francesc de Borja n\u00ba 56 de Gandia (Valencia).<\/p>\n<p style=\"text-align: justify;\">Desde su constituci\u00f3n, FAES ha destacado por su trayectoria integradora del movimiento asociativo empresarial de la comarca de la Safor; su empe\u00f1o constante en conseguir un tejido empresarial m\u00e1s cohesionado e implicado en el desarrollo econ\u00f3mico y social de su territorio; su voluntad de colaboraci\u00f3n con las Administraciones P\u00fablicas en el desarrollo de actividades de promoci\u00f3n econ\u00f3mica y fomento de empleo as\u00ed como su predisposici\u00f3n a cooperar con otras organizaciones sociales en orden a conseguir un crecimiento econ\u00f3mico estable y un adecuado nivel de calidad de vida para los habitantes de la comarca.<\/p>\n<p style=\"text-align: justify;\">FAES apuesta por la implicaci\u00f3n e integraci\u00f3n en otras organizaciones empresariales provinciales y auton\u00f3micas, para poder plantear las inquietudes de nuestra comarca y aportar nuestras opiniones. En el \u00e1mbito de la Comunidad Valenciana, FAES est\u00e1 integrada en las organizaciones empresariales de CIERVAL, CEV, CEPYMEV y CEPYMEVAL, as\u00ed como en la Red Empresarial de las Comarcas Centrales de la Comunidad Valenciana (RECCCV). Participa activamente en dichas organizaciones a trav\u00e9s de sus representantes en las respectivas Juntas Directivas.<\/p>\n<p style=\"text-align: justify;\">En los \u00faltimos dos a\u00f1os, FAES ha experimentado un importante aumento en el n\u00famero de sus asociaciones miembro. Ha pasado de cuatro asociaciones a quince. Las asociaciones que componen FAES en la actualidad son: Asociaci\u00f3n de Empresarios de Daim\u00fas y sus pol\u00edgonos, Asociaci\u00f3n de Empresarios de Hosteler\u00eda y Turismo de la Safor, Asociaci\u00f3n de Empresarios de la Safor, Cooperativa de Transportes de la Valldigna, Asociaci\u00f3n de Promotores Inmobiliarios, Constructores y Agentes Urbanizadores de la Safor, Asociaci\u00f3n Empresarial Hotelera de Gandia y la Safor, Asociaci\u00f3n Inmobiliaria de la Safor y la Marina Alta, Associaci\u00f3 d&#8217;Empresaris Ciutat del Transport, Associaci\u00f3 de Comerciants d&#8217;Oliva, Asociaci\u00f3n de Empresas de Alquiler de Apartamentos Tur\u00edsticos, C\u00edrculo de Econom\u00eda de la Safor, Gandia Comercial Centre Hist\u00f2ric Cooperativa Valenciana, Asociaci\u00f3n para el Networking de la Safor, Associaci\u00f3 d&#8217;Hosteleria d&#8217;Oliva y Associaci\u00f3 d&#8217;Empresaris Pol\u00edgon Industrial del Brosquill. Esto convierte a FAES en la organizaci\u00f3n empresarial representativa de la comarca de la Safor.<\/p>\n<p style=\"text-align: justify;\">FAES impulsa el desarrollo econ\u00f3mico y social de la comarca de la Safor promoviendo y colaborando en diversos proyectos. Cabe destacar su participaci\u00f3n en el proyecto EQUAL-CRESOL del Fondo Social Europeo, cuyo objetivo es facilitar la integraci\u00f3n socio laboral de aquellos colectivos que sufren una mayor discriminaci\u00f3n y desigualdad social.<\/p>\n<p style=\"text-align: justify;\">Como dijo Albert Einstein: \u00abTriste \u00e9poca la nuestra. Es m\u00e1s f\u00e1cil desintegrar un \u00e1tomo que un prejuicio\u00bb. Desde FAES queremos desintegrar los prejuicios sobre el papel del empresario; sobre su funci\u00f3n social y responsabilidad; sobre la cultura del asociacionismo empresarial y la cooperaci\u00f3n como una opci\u00f3n estrat\u00e9gica, en una \u00ab\u00e9poca\u00bb caracterizada por el incremento de la competencia entre empresas y entre pa\u00edses, la necesidad de una constante renovaci\u00f3n y modernizaci\u00f3n ante el aumento de la exigencia tanto de la demanda como de la oferta, y los beneficios y riesgos que se derivan de la internacionalizaci\u00f3n de la econom\u00eda.<\/p>\n<p style=\"text-align: justify;\">En definitiva, difundir la necesidad de superar prejuicios y de buscar una nueva modalidad de comportamiento sustentado en una <span style=\"text-decoration: underline;\">asociaci\u00f3n de fuerzas<\/span> que permita <span style=\"text-decoration: underline;\">compartir recursos<\/span>, reducir <span style=\"text-decoration: underline;\">riesgos y facilitar<\/span> la <span style=\"text-decoration: underline;\">realizaci\u00f3n de proyectos<\/span> comunes, optando por soluciones basadas en el compromiso, la confianza y la lealtad.<\/p>\n<p style=\"text-align: justify;\"><strong>Acciones desarrolladas por FAES<\/strong><\/p>\n<p style=\"text-align: justify;\"><a href=\"http:\/\/www.faesafor.com\/es\/wp-content\/uploads\/2013\/04\/PROYECTO-FAES1-1-1.pdf\">PROYECTO FAES<\/a><\/p>\n","protected":false},"excerpt":{"rendered":"<p>FAES: un reto, una necesidad La Federaci\u00f3n de Asociaciones de Empresarios de la Safor (FAES) es una organizaci\u00f3n independiente, apol\u00edtica<\/p>\n","protected":false},"author":5,"featured_media":11,"parent":16,"menu_order":1,"comment_status":"closed","ping_status":"open","template":"","meta":{"colormag_page_layout":"default_layout","footnotes":""},"class_list":["post-19","page","type-page","status-publish","has-post-thumbnail","hentry"],"_links":{"self":[{"href":"https:\/\/faesafor.com\/es\/wp-json\/wp\/v2\/pages\/19","targetHints":{"allow":["GET"]}}],"collection":[{"href":"https:\/\/faesafor.com\/es\/wp-json\/wp\/v2\/pages"}],"about":[{"href":"https:\/\/faesafor.com\/es\/wp-json\/wp\/v2\/types\/page"}],"author":[{"embeddable":true,"href":"https:\/\/faesafor.com\/es\/wp-json\/wp\/v2\/users\/5"}],"replies":[{"embeddable":true,"href":"https:\/\/faesafor.com\/es\/wp-json\/wp\/v2\/comments?post=19"}],"version-history":[{"count":0,"href":"https:\/\/faesafor.com\/es\/wp-json\/wp\/v2\/pages\/19\/revisions"}],"up":[{"embeddable":true,"href":"https:\/\/faesafor.com\/es\/wp-json\/wp\/v2\/pages\/16"}],"wp:featuredmedia":[{"embeddable":true,"href":"https:\/\/faesafor.com\/es\/wp-json\/"}],"wp:attachment":[{"href":"https:\/\/faesafor.com\/es\/wp-json\/wp\/v2\/media?parent=19"}],"curies":[{"name":"wp","href":"https:\/\/api.w.org\/{rel}","templated":true}]}}