{"id":32,"date":"2012-07-02T13:57:24","date_gmt":"2012-07-02T13:57:24","guid":{"rendered":"http:\/\/www.faesafor.com\/es\/?page_id=32"},"modified":"2013-05-29T10:10:23","modified_gmt":"2013-05-29T10:10:23","slug":"organos-de-gobierno","status":"publish","type":"page","link":"https:\/\/faesafor.com\/es\/la-federacion\/organos-de-gobierno\/","title":{"rendered":"Organos de gobierno"},"content":{"rendered":"<p style=\"text-align: justify;\">Son \u00f3rganos de gobierno de la Federaci\u00f3n:<\/p>\n<ul>\n<li><strong>La Asamblea General<\/strong><\/li>\n<li><strong>La Junta Directiva<\/strong><\/li>\n<li><strong>La Presidencia<\/strong><\/li>\n<\/ul>\n<p style=\"text-align: justify;\"><strong>LA ASAMBLEA GENERAL<\/strong><\/p>\n<p style=\"text-align: justify;\">Es el \u00f3rgano soberano de la Federaci\u00f3n, y sus acuerdos, adoptados con arreglo a lo establecido en los Estatutos, son obligatorios para todos sus asociados.<\/p>\n<p style=\"text-align: justify;\">La convocatoria de Asamblea General corresponde al Presidente y deber\u00e1 realizarse por correspondencia, con un m\u00ednimo de diez d\u00edas de antelaci\u00f3n y con la expresa indicaci\u00f3n del Orden del D\u00eda, fecha, lugar y hora exacta de su celebraci\u00f3n.<\/p>\n<p style=\"text-align: justify;\">La Asamblea General ser\u00e1 presidida por el Presidente de la Federaci\u00f3n, y en su defecto, y por orden, el Vicepresidente, seg\u00fan el orden establecido, el Secretario o el Tesorero.<br \/>\nTodo miembro de la Asamblea general, podr\u00e1 hacerse representar en la misma, delegando por escrito a favor siempre de otro miembro de la Asamblea su derecho a voto.<\/p>\n<p style=\"text-align: justify;\">La Asamblea General ser\u00e1 competente para tratar temas y asuntos que afecten a la misma, siempre que sea debidamente convocada.<br \/>\nDe sus reuniones se levantar\u00e1 la oportuna acta que podr\u00e1 ser aprobada por la propia Asamblea a continuaci\u00f3n o en la inmediata reuni\u00f3n que tuviere lugar. Tambi\u00e9n podr\u00e1 ser aprobada por el Presidente y dos interventores, que la propia Asamblea designar\u00e1.<\/p>\n<p style=\"text-align: justify;\">El acta aprobada de cualquiera de las dos formas descritas gozar\u00e1 de plena fuerza ejecutiva a partir de la fecha de aprobaci\u00f3n, y figurar\u00e1 en el Libro destinado al efecto.<\/p>\n<p style=\"text-align: justify;\"><strong>LA JUNTA DIRECTIVA<\/strong><\/p>\n<p style=\"text-align: justify;\">Es el \u00f3rgano de gobierno de la Federaci\u00f3n.<br \/>\nEntre los miembros de la Junta Directiva estar\u00e1n: el Presidente cuatro Vicepresidentes, el Secretario y el Tesorero, con posibilidad de establecer suplencias si fuera necesario.<br \/>\nTanto los miembros de la Junta Directiva como los suplentes de los mismos deber\u00e1n tener la condici\u00f3n de vocales de la Asamblea de la Federaci\u00f3n.<\/p>\n<p><strong>MIEMBROS JUNTA DIRECTIVA<\/strong><\/p>\n<p><strong>PRESIDENTE<\/strong><\/p>\n<p style=\"text-align: justify;\">El Presidente de la Federaci\u00f3n, que lo es a su vez de la Asamblea General y de cualquier \u00f3rgano establecido por los Estatutos, o que en el futuro pueda establecerse, es la m\u00e1xima representaci\u00f3n de la Federaci\u00f3n. (Art.24)<br \/>\nLa duraci\u00f3n del mandato ser\u00e1 de cuatro a\u00f1os no pudiendo ser reelegido para la realizaci\u00f3n de m\u00e1s de dos mandatos consecutivos. (Art.39).<\/p>\n<p>D. Rafael Juan Fern\u00e1ndez<\/p>\n<p><strong>VICEPRESIDENTES<\/strong><\/p>\n<p style=\"text-align: justify;\">Ser\u00e1 facultad del Presidente el establecimiento del orden de los Vicepresidentes que ejercer\u00e1n sus funciones durante el mandato. Asistir\u00e1n al Presidente en el ejercicio de sus atribuciones, y de acuerdo con \u00e9l y por su delegaci\u00f3n, adoptar\u00e1n las decisiones que les hayan sido encomendadas. (Art.26)<\/p>\n<p style=\"text-align: justify;\">La Junta Directiva elegir\u00e1 de entre sus vocales cuatro Vicepresidentes, cada uno de distinta Asociaci\u00f3n miembro y distinta as\u00ed mismo de quien ostente la Presidencia de la Federaci\u00f3n. (Art. 28)<\/p>\n<p style=\"text-align: justify;\"><strong>Vicepresidente Primero<\/strong> D. Joaqu\u00edn Bernabeu Valls \u00c1rea Relaciones Externas<br \/>\n<strong>Vicepresidente Segundo<\/strong> D. Josep Vercher Escriv\u00e1<br \/>\n<strong>Vicepresidente Tercero<\/strong> D. Ramon Soler Blasco<br \/>\n<strong>Vicepresidenta Cuarta<\/strong> D\u00aa Rosa Llopis Climent \u00c1rea de Comercio<\/p>\n<p style=\"text-align: justify;\"><strong>TESORERO\/VOCAL<\/strong><br \/>\nEl Tesorero-Contador cuidar\u00e1 de la conservaci\u00f3n de los fondos, intervendr\u00e1 en la documentaci\u00f3n de cobros y pagos a la vez que supervisar\u00e1 la contabilidad. (Art. 29)<\/p>\n<p>D. Oscar Ferrair\u00f3 Reig<\/p>\n<p><strong>VOCALES<\/strong><\/p>\n<p>D\u00aa Antonia Estrugo Carbonell<\/p>\n<p>D. Lloren\u00e7 Frasquet Santimoteo<\/p>\n<p>D. Bernardo Monserrat Lafuente<\/p>\n<p>D. Pablo del Castillo San Miguel<\/p>\n<p>D. Jos\u00e9 Mart\u00ed Sancho<\/p>\n<p>D. Esteban Peir\u00f3 Monz\u00f3<\/p>\n<p>D. Victor Timoner Aparisi<\/p>\n<p>D. Javier Nogueroles Olaizola<\/p>\n<p>D. Emilio Rees Prieto<\/p>\n<p>D. Camilo Peir\u00f3 Monz\u00f3<\/p>\n<p>D. Jes\u00fas Mor\u00e1n L\u00f3pez<\/p>\n<p>&nbsp;<\/p>\n<div><\/div>\n<p><strong>SECRETARIA GENERAL<\/strong><\/p>\n<p style=\"text-align: justify;\">D\u00aa Josefa L\u00f3pez Yuste<\/p>\n<p style=\"text-align: justify;\">\n","protected":false},"excerpt":{"rendered":"<p>Son \u00f3rganos de gobierno de la Federaci\u00f3n: La Asamblea General La Junta Directiva La Presidencia LA ASAMBLEA GENERAL Es el<\/p>\n","protected":false},"author":5,"featured_media":0,"parent":16,"menu_order":4,"comment_status":"open","ping_status":"open","template":"","meta":{"colormag_page_layout":"default_layout","footnotes":""},"class_list":["post-32","page","type-page","status-publish","hentry"],"_links":{"self":[{"href":"https:\/\/faesafor.com\/es\/wp-json\/wp\/v2\/pages\/32","targetHints":{"allow":["GET"]}}],"collection":[{"href":"https:\/\/faesafor.com\/es\/wp-json\/wp\/v2\/pages"}],"about":[{"href":"https:\/\/faesafor.com\/es\/wp-json\/wp\/v2\/types\/page"}],"author":[{"embeddable":true,"href":"https:\/\/faesafor.com\/es\/wp-json\/wp\/v2\/users\/5"}],"replies":[{"embeddable":true,"href":"https:\/\/faesafor.com\/es\/wp-json\/wp\/v2\/comments?post=32"}],"version-history":[{"count":0,"href":"https:\/\/faesafor.com\/es\/wp-json\/wp\/v2\/pages\/32\/revisions"}],"up":[{"embeddable":true,"href":"https:\/\/faesafor.com\/es\/wp-json\/wp\/v2\/pages\/16"}],"wp:attachment":[{"href":"https:\/\/faesafor.com\/es\/wp-json\/wp\/v2\/media?parent=32"}],"curies":[{"name":"wp","href":"https:\/\/api.w.org\/{rel}","templated":true}]}}