{"id":4563,"date":"2017-11-22T13:06:26","date_gmt":"2017-11-22T12:06:26","guid":{"rendered":"http:\/\/www.faesafor.com\/es\/?page_id=4563"},"modified":"2017-11-22T13:07:19","modified_gmt":"2017-11-22T12:07:19","slug":"programa-superior-de-marketing-digital","status":"publish","type":"page","link":"https:\/\/faesafor.com\/es\/programa-superior-de-marketing-digital\/","title":{"rendered":"Programa Superior de Marketing Digital"},"content":{"rendered":"<p>ESIC te da la oportunidad en Gandia de integrar y aprovechar al m\u00e1ximo los actuales medios digitales en las estrategias de marketing, ventas, publicidad y comunicaci\u00f3n de tu marca a trav\u00e9s del Programa Superior de Marketing Digital.<\/p>\n<p>Las marcas se mueven cada d\u00eda m\u00e1s en un entorno digital con audiencias millonarias y consumidores que les demandan m\u00e1s informaci\u00f3n y compromiso. Por eso es necesario que dispongan de estrategias de marketing y publicidad espec\u00edficas para el mundo online. Ese cambio empieza en ICEMD.<\/p>\n<p>Con una duraci\u00f3n de 3 meses e impartido por expertos digitales en activo, durante este curso de marketing digital aprender\u00e1s a comunicar con \u00e9xito tu producto o servicio a trav\u00e9s de Internet, en todo tipo de medios (Smartphone, Tablet, TV digital) y formas de relaci\u00f3n (Redes Sociales, Blogs). El objetivo del Programa es poder fidelizar a tu cliente, respondiendo eficazmente a sus motivaciones y necesidades.<\/p>\n<p><a href=\"http:\/\/www.faesafor.com\/es\/wp-content\/uploads\/2017\/11\/PSMD-Gand\u00eda-nov_condiciones.pdf\">PSMD Gand\u00eda nov_condiciones<\/a><\/p>\n<p><a href=\"http:\/\/www.faesafor.com\/es\/wp-content\/uploads\/2017\/11\/PSMD.pdf\">PSMD<\/a><\/p>\n","protected":false},"excerpt":{"rendered":"<p>ESIC te da la oportunidad en Gandia de integrar y aprovechar al m\u00e1ximo los actuales medios digitales en las estrategias<\/p>\n","protected":false},"author":33,"featured_media":0,"parent":0,"menu_order":0,"comment_status":"closed","ping_status":"closed","template":"","meta":{"colormag_page_layout":"default_layout","footnotes":""},"class_list":["post-4563","page","type-page","status-publish","hentry"],"_links":{"self":[{"href":"https:\/\/faesafor.com\/es\/wp-json\/wp\/v2\/pages\/4563","targetHints":{"allow":["GET"]}}],"collection":[{"href":"https:\/\/faesafor.com\/es\/wp-json\/wp\/v2\/pages"}],"about":[{"href":"https:\/\/faesafor.com\/es\/wp-json\/wp\/v2\/types\/page"}],"author":[{"embeddable":true,"href":"https:\/\/faesafor.com\/es\/wp-json\/wp\/v2\/users\/33"}],"replies":[{"embeddable":true,"href":"https:\/\/faesafor.com\/es\/wp-json\/wp\/v2\/comments?post=4563"}],"version-history":[{"count":0,"href":"https:\/\/faesafor.com\/es\/wp-json\/wp\/v2\/pages\/4563\/revisions"}],"wp:attachment":[{"href":"https:\/\/faesafor.com\/es\/wp-json\/wp\/v2\/media?parent=4563"}],"curies":[{"name":"wp","href":"https:\/\/api.w.org\/{rel}","templated":true}]}}