{"id":6880,"date":"2018-07-30T22:06:44","date_gmt":"2018-07-30T21:06:44","guid":{"rendered":"http:\/\/www.faesafor.com\/es\/?page_id=6880"},"modified":"2025-11-20T18:02:57","modified_gmt":"2025-11-20T16:02:57","slug":"premios-faes-2025","status":"publish","type":"page","link":"https:\/\/faesafor.com\/es\/premios-faes-2025\/","title":{"rendered":"XXVI Encuentro Empresarial &#8211; Premios FAES 2025"},"content":{"rendered":"<p>Se otorgar\u00e1 cinco categor\u00edas de premios:<\/p>\n<ul>\n<li>1. Premio al Empresario Emprendedor<\/li>\n<li>2. Premio a la Empresa Socialmente Comprometida<\/li>\n<li>3. Premio Trayectoria Empresarial<\/li>\n<li>4. Premio a la Innovaci\u00f3n<\/li>\n<li>5. Premio Internacionalizaci\u00f3n Empresarial<\/li>\n<\/ul>\n\n\n<p>Si est\u00e1s interesado en que tu empresa sea reconocida en los pr\u00f3ximos Premios FAES 2025, rellena este formulario para que la comisi\u00f3n de premios tenga en cuenta tu candidatura.<\/p>\n\n\n\n<p>El periodo de presentaci\u00f3n se mantendr\u00e1 abierto hasta el 7 de noviembre. \u00a1Gracias por participar!<\/p>\n\n\n\n<p>\u00a0<\/p>\n<a href=\"https:\/\/faesafor.com\/es\/wp-content\/uploads\/2025\/07\/BASES-PREMIOS-2025.pdf\" download=\"\">Bases Premios 2025<\/a>\n<p>\u00a0<\/p>\n\n\n\n<p style=\"display:none;\">Si quieres ser patrocinador del evento (especial o general), rellena el documento correspondiente y acude a <a href=\"https:\/\/goo.gl\/maps\/Ey1jvsmwgAn\" target=\"_blank\" rel=\"noreferrer noopener\">C\/ Sant Francesc de Borja, 56 (Gandia)<\/a> o env\u00edalo a <a href=\"mailto:info@faesafor.com\">info@faesafor.com<\/a>.<\/p>\n\n\n\n<p>\u00a0<\/p>\n<p>\u00a0<\/p>\n\n\n\n<p><\/p>\n","protected":false},"excerpt":{"rendered":"<p>Se otorgar\u00e1 cinco categor\u00edas de premios: 1. Premio al Empresario Emprendedor 2. Premio a la Empresa Socialmente Comprometida 3. Premio<\/p>\n","protected":false},"author":33,"featured_media":0,"parent":0,"menu_order":0,"comment_status":"closed","ping_status":"closed","template":"","meta":{"colormag_page_layout":"default_layout","footnotes":""},"class_list":["post-6880","page","type-page","status-publish","hentry"],"_links":{"self":[{"href":"https:\/\/faesafor.com\/es\/wp-json\/wp\/v2\/pages\/6880","targetHints":{"allow":["GET"]}}],"collection":[{"href":"https:\/\/faesafor.com\/es\/wp-json\/wp\/v2\/pages"}],"about":[{"href":"https:\/\/faesafor.com\/es\/wp-json\/wp\/v2\/types\/page"}],"author":[{"embeddable":true,"href":"https:\/\/faesafor.com\/es\/wp-json\/wp\/v2\/users\/33"}],"replies":[{"embeddable":true,"href":"https:\/\/faesafor.com\/es\/wp-json\/wp\/v2\/comments?post=6880"}],"version-history":[{"count":34,"href":"https:\/\/faesafor.com\/es\/wp-json\/wp\/v2\/pages\/6880\/revisions"}],"predecessor-version":[{"id":11406,"href":"https:\/\/faesafor.com\/es\/wp-json\/wp\/v2\/pages\/6880\/revisions\/11406"}],"wp:attachment":[{"href":"https:\/\/faesafor.com\/es\/wp-json\/wp\/v2\/media?parent=6880"}],"curies":[{"name":"wp","href":"https:\/\/api.w.org\/{rel}","templated":true}]}}