{"id":80,"date":"2012-07-03T09:11:44","date_gmt":"2012-07-03T09:11:44","guid":{"rendered":"http:\/\/www.faesafor.com\/es\/?page_id=80"},"modified":"2025-04-16T13:17:10","modified_gmt":"2025-04-16T11:17:10","slug":"asociaciones-empresas","status":"publish","type":"page","link":"https:\/\/faesafor.com\/es\/la-federacion\/asociaciones-empresas\/","title":{"rendered":"Asociaciones y empresas"},"content":{"rendered":"\t\t<div data-elementor-type=\"wp-page\" data-elementor-id=\"80\" class=\"elementor elementor-80\" data-elementor-post-type=\"page\">\n\t\t\t\t<div class=\"elementor-element elementor-element-663fde3 e-flex e-con-boxed e-con e-parent\" data-id=\"663fde3\" data-element_type=\"container\">\n\t\t\t\t\t<div class=\"e-con-inner\">\n\t\t\t\t<div class=\"elementor-element elementor-element-16a2759 elementor-widget elementor-widget-elementskit-tablepress\" data-id=\"16a2759\" data-element_type=\"widget\" data-widget_type=\"elementskit-tablepress.default\">\n\t\t\t\t<div class=\"elementor-widget-container\">\n\t\t\t\t\t<div class=\"elemenetskit-tablepress ekit-wid-con\" id=\"ekit_tablepress_16a2759\">\n<table id=\"tablepress-1\" class=\"tablepress tablepress-id-1\">\n<tbody class=\"row-hover\">\n<tr class=\"row-1\">\n\t<td class=\"column-1\"><img decoding=\"async\" src=\"http:\/\/www.faesafor.com\/es\/wp-content\/uploads\/2020\/04\/aedaimus.jpeg\" alt=\"\" class=\"alignnone size-medium wp-image-7977\" width=\"64px\"\/><\/td><td class=\"column-2\"><h3><strong>Asociaci\u00f3n de Empresarios de Daimuz y sus Pol\u00edgonos\u00a0<\/strong>(AEDP)<\/h3><br \/>\n<p>Edificio Fomento de Agricultura, Industria y Comercio C\/ San Francisco deBorja, 56-1\u00ba<br \/>46701 - Gandia (Valencia) Tel: 96 281 82 55<br \/>Presidente: <strong>D. Guillermo Mayor Juan<br \/><\/strong>web: <a href=\"http:\/\/www.aedaimus.es\/\" target=\"_blank\" rel=\"noopener noreferrer\">www.aedaimus.es\/<\/a> e-mail: <a class=\"txt\" href=\"mailto:aedaimus@gmail.com\" target=\"_blank\" rel=\"noopener noreferrer\">aedaimus@gmail.com<\/a><\/p><\/td>\n<\/tr>\n<tr class=\"row-2\">\n\t<td class=\"column-1\"><img decoding=\"async\" src=\"https:\/\/faesafor.com\/es\/wp-content\/uploads\/2025\/04\/aesafor-1_resize.jpg\" alt=\"\" class=\"alignnone size-medium wp-image-7977\" width=\"64px\"\/><\/td><td class=\"column-2\"><h3><strong>Asociaci\u00f3n de Empresarios de la Safor\u00a0<\/strong>(AES)<\/h3><br \/>\n<p>Pol\u00edgono Industrial Alcodar - Avenida Alcodar \/ Edificio Mercat 1\u00aa Planta<br \/>46701 - Gandia (Valencia) Tel:\u00a0962 863 571<br \/>Presidenta: <strong>D. Juan Pablo Tur Guillem<br \/><\/strong>web: <a class=\"txt\" href=\"http:\/\/www.aesafor.com\" target=\"_blank\" rel=\"noopener noreferrer\">www.aesafor.com<\/a>\u00a0\/ e-mail: <a class=\"txt\" href=\"mailto:aes@aesafor.com\" target=\"_blank\" rel=\"noopener noreferrer\">aes@aesafor.com<\/a><\/p><\/td>\n<\/tr>\n<tr class=\"row-3\">\n\t<td class=\"column-1\"><img decoding=\"async\" src=\"https:\/\/faesafor.com\/es\/wp-content\/uploads\/2025\/04\/apcsafor.jpg\" alt=\"\" width=\"115\" height=\"115\" class=\"alignnone size-full wp-image-10396\" \/><\/td><td class=\"column-2\"><br \/>\n<h3><strong>Asociaci\u00f3n de Promotores Inmobiliarios, Constructores y Agentes Urbanizadores de la Safor&nbsp;<\/strong>(APCS)<\/h3><br \/>\n<p>Plaza Ap\u00f3stoles, n\u00ba 3 \u2013 2\u00ba<br>46701 \u2013 Gandia (Valencia) Tel: 96 287 39 47<br>Presidente: <strong>D. Camilo Peir\u00f3 Peir\u00f3<br><\/strong>web: <a class=\"txt\" href=\"https:\/\/web.archive.org\/web\/20240715142214\/http:\/\/www.apcsafor.com\/\" target=\"_blank\" rel=\"noopener noreferrer\">www.apcsafor.com<\/a>&nbsp;\/ e-mail: <a class=\"txt\" href=\"https:\/\/web.archive.org\/web\/20240715142214\/mailto:info@apcsafor.com\" target=\"_blank\" rel=\"noopener noreferrer\">info@apcsafor.com<\/a><\/p><\/td>\n<\/tr>\n<tr class=\"row-4\">\n\t<td class=\"column-1\"><img decoding=\"async\" src=\"https:\/\/faesafor.com\/es\/wp-content\/uploads\/2025\/04\/aehgs.jpg\" alt=\"\" width=\"115\" height=\"115\" class=\"alignnone size-full wp-image-10398\" \/><\/td><td class=\"column-2\"><br \/>\n<h3><strong>Asociaci\u00f3n Empresarial Hotelera de Gandia y la Safor&nbsp;<\/strong>(AEHGS)<\/h3><br \/>\n<p>Calle Devesa, 20<br>46730 \u2013 Playa de Gandia (Valencia) Tel: 96 284 50 06<br>Presidente: <strong>D. Lu\u00eds Rodr\u00edguez de Rivera Cremades<br><\/strong>e-mail:&nbsp;<\/p><br \/>\n<\/td>\n<\/tr>\n<tr class=\"row-5\">\n\t<td class=\"column-1\"><img decoding=\"async\" src=\"https:\/\/faesafor.com\/es\/wp-content\/uploads\/2025\/04\/MLS-GANDIA-LOGO-150x150-1.png\" alt=\"\" width=\"150\" height=\"150\" class=\"alignnone size-full wp-image-10400\" \/><\/td><td class=\"column-2\"><br \/>\n<h3><strong>Asociaci\u00f3n Inmobiliaria de la Safor y Marina Alta&nbsp;<\/strong>(AISMAR)<\/h3><br \/>\n<p>Tel: 96 296 56 08 \/ 649 40 60 50<br>Presidente:&nbsp;<strong>Santiago Ares Espa\u00f1a<br><\/strong>web:&nbsp;<a href=\"https:\/\/web.archive.org\/web\/20240715142214\/http:\/\/www.mlsgandia.com\/\" target=\"_blank\" rel=\"noopener noreferrer\">www.mlsgandia.com<\/a>&nbsp;\/ e-mail:&nbsp;<a href=\"https:\/\/web.archive.org\/web\/20240715142214\/mailto:javier@urbatic.com\" target=\"_blank\" rel=\"noopener noreferrer\">javier@urbatic.com<br><\/a><\/p><\/td>\n<\/tr>\n<tr class=\"row-6\">\n\t<td class=\"column-1\"><img loading=\"lazy\" decoding=\"async\" src=\"https:\/\/faesafor.com\/es\/wp-content\/uploads\/2025\/04\/aect.jpg\" alt=\"\" width=\"115\" height=\"115\" class=\"alignnone size-full wp-image-10402\" \/><\/td><td class=\"column-2\"><br \/>\n<h3><strong>Associaci\u00f3 d\u2019Empresaris Ciutat del Transport&nbsp;<\/strong>(A.E.Ci.T)<\/h3><br \/>\n<p>Avd. Rep\u00fablica Argentina, 36 Entresuelo-izq<br>46702 \u2013 Gand\u00eda (Valencia) Tel: 659 48 99 81<br>Presidente: <strong>D. Josep Mart\u00ed Sancho<\/strong><br>web: <a href=\"https:\/\/web.archive.org\/web\/20240715142214\/http:\/\/www.aecitgandia.es\/\">www.aecitgandia.es<\/a> \/ email:<\/p><br \/>\n<\/td>\n<\/tr>\n<tr class=\"row-7\">\n\t<td class=\"column-1\"><img loading=\"lazy\" decoding=\"async\" src=\"https:\/\/faesafor.com\/es\/wp-content\/uploads\/2025\/04\/LOGO-ACCO-FUSION-300x237.jpg\" alt=\"\" width=\"300\" height=\"237\" class=\"alignnone size-medium wp-image-10415\" srcset=\"https:\/\/faesafor.com\/es\/wp-content\/uploads\/2025\/04\/LOGO-ACCO-FUSION-300x237.jpg 300w, https:\/\/faesafor.com\/es\/wp-content\/uploads\/2025\/04\/LOGO-ACCO-FUSION-1024x808.jpg 1024w, https:\/\/faesafor.com\/es\/wp-content\/uploads\/2025\/04\/LOGO-ACCO-FUSION-768x606.jpg 768w, https:\/\/faesafor.com\/es\/wp-content\/uploads\/2025\/04\/LOGO-ACCO-FUSION.jpg 1134w\" sizes=\"(max-width: 300px) 100vw, 300px\" \/><\/td><td class=\"column-2\"><h3><strong>Associaci\u00f3 de Comerciants D\u2019Oliva&nbsp;<\/strong>(ACCO)<\/h3><br \/>\n<p>C\/ Bot\u00e0nic Cavanilles, 12<br>46780 \u2013 Oliva (Valencia) Tel: 96 283 80 54<br>Presidente: <strong>David Moratal Gregori (<a href=\"https:\/\/web.archive.org\/web\/20240715142214\/mailto:presidencia@accooliva.com\" target=\"_blank\" rel=\"noopener noreferrer\">presidencia@accooliva.com<\/a>)<br><\/strong>web: <a href=\"https:\/\/web.archive.org\/web\/20240715142214\/http:\/\/www.accooliva.com\/\" target=\"_blank\" rel=\"noopener noreferrer\">www.accooliva.com\/<\/a>&nbsp;e-mail: <a href=\"https:\/\/web.archive.org\/web\/20240715142214\/mailto:accooliva@gmail.com\" target=\"_blank\" rel=\"noopener noreferrer\">accooliva@gmail.com<\/a><\/p><br \/>\n<\/td>\n<\/tr>\n<tr class=\"row-8\">\n\t<td class=\"column-1\"><img loading=\"lazy\" decoding=\"async\" src=\"https:\/\/faesafor.com\/es\/wp-content\/uploads\/2025\/04\/aloga1.jpg\" alt=\"\" width=\"115\" height=\"115\" class=\"alignnone size-full wp-image-10414\" \/><\/td><td class=\"column-2\"><br \/>\n<br \/>\n<h3><strong>Asociaci\u00f3n de Empresas de Alquiler de Apartamentos Tur\u00edsticos&nbsp;<\/strong>(ALOGA)<\/h3><br \/>\n<p>C\/ Alcoy, 42 Bajo<br>46730 \u2013 Playa de Gandia (Valencia) Tel: 962 84 35 73<br>Presidente: <strong>D. Francisco Miguel Ucles Gregori<br \/>\n<br><\/strong>e-mail: <a class=\"txt\" href=\"https:\/\/web.archive.org\/web\/20240715142214\/mailto:francisco@voramargandia.com\" target=\"_blank\" rel=\"noopener noreferrer\">francisco@voramargandia.com<\/a> \/ <a class=\"txt\" href=\"https:\/\/web.archive.org\/web\/20240715142214\/mailto:alogaspost@hotmail.com\" target=\"_blank\" rel=\"noopener noreferrer\">alogaspost@hotmail.com<\/a><\/p><\/td>\n<\/tr>\n<tr class=\"row-9\">\n\t<td class=\"column-1\"><img loading=\"lazy\" decoding=\"async\" src=\"https:\/\/faesafor.com\/es\/wp-content\/uploads\/2025\/04\/log-CES-CES_Jove1-300x300.jpg\" alt=\"\" width=\"300\" height=\"300\" class=\"alignnone size-medium wp-image-10413\" srcset=\"https:\/\/faesafor.com\/es\/wp-content\/uploads\/2025\/04\/log-CES-CES_Jove1-300x300.jpg 300w, https:\/\/faesafor.com\/es\/wp-content\/uploads\/2025\/04\/log-CES-CES_Jove1-150x150.jpg 150w, https:\/\/faesafor.com\/es\/wp-content\/uploads\/2025\/04\/log-CES-CES_Jove1-768x768.jpg 768w, https:\/\/faesafor.com\/es\/wp-content\/uploads\/2025\/04\/log-CES-CES_Jove1.jpg 826w\" sizes=\"(max-width: 300px) 100vw, 300px\" \/><\/td><td class=\"column-2\"><h3><strong>C\u00edrculo de Econom\u00eda de la Safor&nbsp;<\/strong>(CES)<\/h3><br \/>\n<p>Calle Marqu\u00e9s del Campo, 5<br>46701 \u2013 Gandia (Valencia) Tel: 96 287 22 50<br>Presidente: <strong>D. Ram\u00f3n Soler Blasco<br><\/strong>web: <a class=\"txt\" href=\"https:\/\/web.archive.org\/web\/20240715142214\/http:\/\/www.cesafor.com\/\" target=\"_blank\" rel=\"noopener noreferrer\">www.cesafor.com<\/a>&nbsp;\/&nbsp;e-mail: <a class=\"txt\" href=\"https:\/\/web.archive.org\/web\/20240715142214\/mailto:cesafor@cesafor.com\" target=\"_blank\" rel=\"noopener noreferrer\">cesafor@cesafor.com<\/a><\/p><\/td>\n<\/tr>\n<tr class=\"row-10\">\n\t<td class=\"column-1\"><img loading=\"lazy\" decoding=\"async\" src=\"https:\/\/faesafor.com\/es\/wp-content\/uploads\/2025\/04\/LOGO_CHCGIMPRIMIR-300x166.jpg\" alt=\"\" width=\"300\" height=\"166\" class=\"alignnone size-medium wp-image-10412\" srcset=\"https:\/\/faesafor.com\/es\/wp-content\/uploads\/2025\/04\/LOGO_CHCGIMPRIMIR-300x166.jpg 300w, https:\/\/faesafor.com\/es\/wp-content\/uploads\/2025\/04\/LOGO_CHCGIMPRIMIR.jpg 571w\" sizes=\"(max-width: 300px) 100vw, 300px\" \/><\/td><td class=\"column-2\"><br \/>\n<br \/>\n<h3><strong>Gandia Comercial Centre Hist\u00f2ric Coop. Valenciana<br><\/strong><\/h3><br \/>\n<p>Plaza Ap\u00f3stoles, 3 \u2013 2H<br>46701 \u2013 Gandia (Valencia) Tel: 96 287 83 90<br>Presidente: <strong>D.&nbsp;Santiago Jes\u00fas Garc\u00eda Taranc\u00f3n<br><\/strong>e-mail: <a class=\"txt\" href=\"https:\/\/web.archive.org\/web\/20240715142214\/mailto:centrehistoriccomercialgandia@msn.com\" target=\"_blank\" rel=\"noopener noreferrer\">centrehistoriccomercialgandia@msn.com<\/a><\/p><\/td>\n<\/tr>\n<tr class=\"row-11\">\n\t<td class=\"column-1\"><img loading=\"lazy\" decoding=\"async\" src=\"https:\/\/faesafor.com\/es\/wp-content\/uploads\/2025\/04\/logo-asociacion2-300x169.png\" alt=\"\" width=\"300\" height=\"169\" class=\"alignnone size-medium wp-image-10411\" srcset=\"https:\/\/faesafor.com\/es\/wp-content\/uploads\/2025\/04\/logo-asociacion2-300x169.png 300w, https:\/\/faesafor.com\/es\/wp-content\/uploads\/2025\/04\/logo-asociacion2.png 560w\" sizes=\"(max-width: 300px) 100vw, 300px\" \/><\/td><td class=\"column-2\"><h3><strong>Associaci\u00f3 d\u2019Empresaris Pol\u00edgon Industrial del Brosquill <\/strong>(EPIB)<\/h3><br \/>\n<p>C\/ Del Bolo, 10<br>46780 \u2013 Oliva (Valencia)<br>Presidente: <strong>D. Francisco Jos\u00e9 Cardona Germ\u00e1n<br><\/strong>e-mail: <a href=\"https:\/\/web.archive.org\/web\/20240715142214\/mailto:epibrosquil@gmail.com\" target=\"_blank\" rel=\"noopener noreferrer\">epibrosquil@gmail.com<\/a><\/p><\/td>\n<\/tr>\n<tr class=\"row-12\">\n\t<td class=\"column-1\"><img loading=\"lazy\" decoding=\"async\" src=\"https:\/\/faesafor.com\/es\/wp-content\/uploads\/2025\/04\/economistas.jpg\" alt=\"\" width=\"300\" height=\"300\" class=\"alignnone size-full wp-image-10410\" srcset=\"https:\/\/faesafor.com\/es\/wp-content\/uploads\/2025\/04\/economistas.jpg 300w, https:\/\/faesafor.com\/es\/wp-content\/uploads\/2025\/04\/economistas-150x150.jpg 150w\" sizes=\"(max-width: 300px) 100vw, 300px\" \/><\/td><td class=\"column-2\"><h3><strong>Colegio de Economistas de Valencia&nbsp;<\/strong>(COEV)<\/h3><br \/>\n<p>C\/ Tagu\u00edgrafo Mart\u00ed 4 \u2013 3\u00aa<br>46005 \u2013 Valencia (Valencia)<br>Decano: <strong>D. Juan Jos\u00e9 Enr\u00edquez Barb\u00e9<br><\/strong>web: <a href=\"https:\/\/web.archive.org\/web\/20240715142214\/http:\/\/www.coev.com\/\" target=\"_blank\" rel=\"noopener noreferrer\">www.coev.com\/<\/a> e-mail: <a href=\"https:\/\/web.archive.org\/web\/20240715142214\/mailto:coev@coev.com\" target=\"_blank\" rel=\"noopener noreferrer\">coev@coev.com<\/a><\/p><\/td>\n<\/tr>\n<tr class=\"row-13\">\n\t<td class=\"column-1\"><img loading=\"lazy\" decoding=\"async\" src=\"https:\/\/faesafor.com\/es\/wp-content\/uploads\/2025\/04\/eb06cefba894d813456341a95dce188813f32a45-300x170.jpeg\" alt=\"\" width=\"300\" height=\"170\" class=\"alignnone size-medium wp-image-10409\" srcset=\"https:\/\/faesafor.com\/es\/wp-content\/uploads\/2025\/04\/eb06cefba894d813456341a95dce188813f32a45-300x170.jpeg 300w, https:\/\/faesafor.com\/es\/wp-content\/uploads\/2025\/04\/eb06cefba894d813456341a95dce188813f32a45.jpeg 640w\" sizes=\"(max-width: 300px) 100vw, 300px\" \/><\/td><td class=\"column-2\"><br \/>\n<h3><strong>Asociaci\u00f3n de de Empresarios Instaladores El\u00e9ctricos, Telecomunicaciones y Energ\u00edas Renovables de Valencia&nbsp;<\/strong>(ASELEC)<\/h3><br \/>\n<p>Avda. Blasco Ib\u00e1\u00f1ez, 127<br>46022 \u2013 Valencia (Valencia)<br>Presidente: <strong>D. Rafael Castillo Dev\u00eds<br><\/strong>web: <a href=\"https:\/\/web.archive.org\/web\/20240715142214\/http:\/\/www.aselec.es\/\" target=\"_blank\" rel=\"noopener noreferrer\">http:\/\/www.aselec.es\/<\/a> e-mail: <a href=\"https:\/\/web.archive.org\/web\/20240715142214\/mailto:aselec@femeval.es\" target=\"_blank\" rel=\"noopener noreferrer\">aselec@femeval.es<\/a><\/p><\/td>\n<\/tr>\n<tr class=\"row-14\">\n\t<td class=\"column-1\"><img loading=\"lazy\" decoding=\"async\" src=\"https:\/\/faesafor.com\/es\/wp-content\/uploads\/2025\/04\/aeprg-300x227.jpg\" alt=\"\" width=\"300\" height=\"227\" class=\"alignnone size-medium wp-image-10408\" srcset=\"https:\/\/faesafor.com\/es\/wp-content\/uploads\/2025\/04\/aeprg-300x227.jpg 300w, https:\/\/faesafor.com\/es\/wp-content\/uploads\/2025\/04\/aeprg.jpg 370w\" sizes=\"(max-width: 300px) 100vw, 300px\" \/><\/td><td class=\"column-2\"><br \/>\n<h3><strong>Associaci\u00f3 d\u2019Empreses Pol\u00edgon Real de Gandia<\/strong>(AEPRG)<\/h3><br \/>\n<p>Carrer Paco Berenguer, 14<br>46727 \u2013 Real de Gandia (Valencia) Tel:&nbsp;696407955<br>Presidente: <strong>D. Nicol\u00e1s Barber Castell\u00e0<br><\/strong>web: <a href=\"https:\/\/web.archive.org\/web\/20240715142214\/http:\/\/poligon.elrealdegandia.org\/\" target=\"_blank\" rel=\"noopener noreferrer\">http:\/\/poligon.elrealdegandia.org\/<\/a> e-mail: <a href=\"https:\/\/web.archive.org\/web\/20240715142214\/mailto:asemporeg@elrealdegandia.org\" target=\"_blank\" rel=\"noopener noreferrer\">asemporeg@elrealdegandia.org<\/a><\/p><br \/>\n<\/td>\n<\/tr>\n<tr class=\"row-15\">\n\t<td class=\"column-1\"><img loading=\"lazy\" decoding=\"async\" src=\"https:\/\/faesafor.com\/es\/wp-content\/uploads\/2025\/04\/logo-vickyfoods2-300x139.png\" alt=\"\" width=\"300\" height=\"139\" class=\"alignnone size-medium wp-image-10407\" srcset=\"https:\/\/faesafor.com\/es\/wp-content\/uploads\/2025\/04\/logo-vickyfoods2-300x139.png 300w, https:\/\/faesafor.com\/es\/wp-content\/uploads\/2025\/04\/logo-vickyfoods2-1024x475.png 1024w, https:\/\/faesafor.com\/es\/wp-content\/uploads\/2025\/04\/logo-vickyfoods2-768x356.png 768w, https:\/\/faesafor.com\/es\/wp-content\/uploads\/2025\/04\/logo-vickyfoods2-1536x713.png 1536w, https:\/\/faesafor.com\/es\/wp-content\/uploads\/2025\/04\/logo-vickyfoods2.png 2000w\" sizes=\"(max-width: 300px) 100vw, 300px\" \/><\/td><td class=\"column-2\"><br \/>\n<h3><strong>Vicky Foods<\/strong><\/h3><br \/>\n<p>Avgda. Alacant, 134<br>46701 \u2013 Gandia (Valencia)<br>Consejero Delegado: <strong>D. Rafael Juan Fern\u00e1ndez<br><\/strong>web: <a href=\"https:\/\/web.archive.org\/web\/20240715142214\/https:\/\/vickyfoods.es\/\" target=\"_blank\" rel=\"noopener noreferrer\">https:\/\/vickyfoods.es<\/a>&nbsp;e-mail: <a href=\"https:\/\/web.archive.org\/web\/20240715142214\/mailto:atencion.consumidor@vickyfoods.es\" target=\"_blank\" rel=\"noopener noreferrer\">atencion.consumidor@vickyfoods.es<\/a><\/p><br \/>\n<\/td>\n<\/tr>\n<tr class=\"row-16\">\n\t<td class=\"column-1\"><img loading=\"lazy\" decoding=\"async\" src=\"https:\/\/faesafor.com\/es\/wp-content\/uploads\/2025\/04\/logo-COMEVA-b.jpg\" alt=\"\" width=\"198\" height=\"198\" class=\"alignnone size-full wp-image-10406\" srcset=\"https:\/\/faesafor.com\/es\/wp-content\/uploads\/2025\/04\/logo-COMEVA-b.jpg 198w, https:\/\/faesafor.com\/es\/wp-content\/uploads\/2025\/04\/logo-COMEVA-b-150x150.jpg 150w\" sizes=\"(max-width: 198px) 100vw, 198px\" \/><\/td><td class=\"column-2\"><br \/>\n<h3><strong>Colegio Oficial de Titulares Mercantiles y Empresariales de Valencia<\/strong> (COMEVA)<\/h3><br \/>\n<p>C\/ Quevedo 20, 2\u00aa<br>46001 \u2013 Valencia (Valencia)<br>Decano: <strong>D. Juan Jos\u00e9 Estruch Escriv\u00e1<br><\/strong>web: <a href=\"https:\/\/web.archive.org\/web\/20240715142214\/http:\/\/comeva.es\/\" target=\"_blank\" rel=\"noopener noreferrer\">http:\/\/comeva.es\/<\/a> e-mail: <a href=\"https:\/\/web.archive.org\/web\/20240715142214\/mailto:colegio@comeva.es\" target=\"_blank\" rel=\"noopener noreferrer\">colegio@comeva.es<\/a><\/p><br \/>\n<\/td>\n<\/tr>\n<tr class=\"row-17\">\n\t<td class=\"column-1\"><img loading=\"lazy\" decoding=\"async\" src=\"https:\/\/faesafor.com\/es\/wp-content\/uploads\/2025\/04\/ROTOVA-LOGO-MONTA_naranja-300x300.jpg\" alt=\"\" width=\"300\" height=\"300\" class=\"alignnone size-medium wp-image-10405\" srcset=\"https:\/\/faesafor.com\/es\/wp-content\/uploads\/2025\/04\/ROTOVA-LOGO-MONTA_naranja-300x300.jpg 300w, https:\/\/faesafor.com\/es\/wp-content\/uploads\/2025\/04\/ROTOVA-LOGO-MONTA_naranja-150x150.jpg 150w, https:\/\/faesafor.com\/es\/wp-content\/uploads\/2025\/04\/ROTOVA-LOGO-MONTA_naranja-768x771.jpg 768w, https:\/\/faesafor.com\/es\/wp-content\/uploads\/2025\/04\/ROTOVA-LOGO-MONTA_naranja.jpg 933w\" sizes=\"(max-width: 300px) 100vw, 300px\" \/><\/td><td class=\"column-2\"><br \/>\n<h3><strong>Associaci\u00f3 d\u2019Empreses Pol\u00edgon Les Masses<\/strong> (AEP Les Masses)<\/h3><br \/>\n<p>Calle Mayor, 2<br>46725 \u2013 R\u00f3tova (Valencia)<br>Presidente: <strong>D. David Pardo Peir\u00f3<br><\/strong>web: <a href=\"https:\/\/web.archive.org\/web\/20240715142214\/http:\/\/www.lesmasses.es\/\" target=\"_blank\" rel=\"noopener noreferrer\">http:\/\/www.lesmasses.es\/<\/a> e-mail: <a href=\"https:\/\/web.archive.org\/web\/20240715142214\/mailto:lesmasses.rotova@gmail.com\" target=\"_blank\" rel=\"noopener noreferrer\">lesmasses.rotova@gmail.com<\/a><\/p><br \/>\n<\/td>\n<\/tr>\n<tr class=\"row-18\">\n\t<td class=\"column-1\"><img loading=\"lazy\" decoding=\"async\" src=\"https:\/\/faesafor.com\/es\/wp-content\/uploads\/2025\/04\/LOGO-FOMENTO2.png\" alt=\"\" width=\"100\" height=\"120\" class=\"alignnone size-full wp-image-10404\" \/><\/td><td class=\"column-2\"><br \/>\n<h3><strong>Fomento de agricultura, industria y comercio de Gandia<br><\/strong>(Fomento Gandia)<\/h3><br \/>\n<p>C\/San Francisco de Borja, 56<br>46701 \u2013 Gandia (Valencia) Tel: 96 287 15 00<br>Presidente: <strong>D. Joaqu\u00edn Barber Peir\u00f3<\/strong><br>web: <a href=\"https:\/\/web.archive.org\/web\/20240715142214\/http:\/\/fomentogandia.com\/\" target=\"_blank\" rel=\"noopener noreferrer\">fomentogandia.com\/<\/a>&nbsp;e-mail: <a href=\"https:\/\/web.archive.org\/web\/20240715142214\/mailto:fomentoaic@gmail.com\" target=\"_blank\" rel=\"noopener noreferrer\">fomentoaic@gmail.com<\/a><\/p><br \/>\n<\/td>\n<\/tr>\n<tr class=\"row-19\">\n\t<td class=\"column-1\"><img loading=\"lazy\" decoding=\"async\" src=\"https:\/\/faesafor.com\/es\/wp-content\/uploads\/2025\/04\/Logo-AJEMSA-300x152.png\" alt=\"\" width=\"300\" height=\"152\" class=\"alignnone size-medium wp-image-10420\" srcset=\"https:\/\/faesafor.com\/es\/wp-content\/uploads\/2025\/04\/Logo-AJEMSA-300x152.png 300w, https:\/\/faesafor.com\/es\/wp-content\/uploads\/2025\/04\/Logo-AJEMSA-1024x518.png 1024w, https:\/\/faesafor.com\/es\/wp-content\/uploads\/2025\/04\/Logo-AJEMSA-768x389.png 768w, https:\/\/faesafor.com\/es\/wp-content\/uploads\/2025\/04\/Logo-AJEMSA.png 1118w\" sizes=\"(max-width: 300px) 100vw, 300px\" \/><\/td><td class=\"column-2\"><br \/>\n<h3><strong>ASOCIACI\u00d3N J\u00d3VENES EMPRESARIOS DE LA SAFOR<br><\/strong>(AJEMSA)<\/h3><br \/>\n<p>C\/ 9 D\u2019OCTUBRE, 12 BJO<br>46702 \u2013 Gandia (Valencia)<br>Presidenta: <strong>Ariadna Llodr\u00e1 Mateos-Aparicio<\/strong><br>web: <a href=\"https:\/\/web.archive.org\/web\/20240715142214\/http:\/\/www.ajemsa.es\/\" target=\"_blank\" rel=\"noopener noreferrer\">www.ajemsa.es<\/a>&nbsp;e-mail: <a href=\"https:\/\/web.archive.org\/web\/20240715142214\/mailto:administracion@ajemsa.es\" target=\"_blank\" rel=\"noopener noreferrer\">administracion@ajemsa.es<\/a><\/p><br \/>\n<\/td>\n<\/tr>\n<\/tbody>\n<\/table>\n<!-- #tablepress-1 from cache --><\/div>\t\t\t\t<\/div>\n\t\t\t\t<\/div>\n\t\t\t\t\t<\/div>\n\t\t\t\t<\/div>\n\t\t\t\t<\/div>\n\t\t","protected":false},"excerpt":{"rendered":"<p>Editar Asociaci\u00f3n de Empresarios de Daimuz y sus Pol\u00edgonos\u00a0(AEDP) Edificio Fomento de Agricultura, Industria y Comercio C\/ San Francisco deBorja,<\/p>\n","protected":false},"author":5,"featured_media":0,"parent":16,"menu_order":2,"comment_status":"closed","ping_status":"closed","template":"","meta":{"colormag_page_layout":"default_layout","footnotes":""},"class_list":["post-80","page","type-page","status-publish","hentry"],"_links":{"self":[{"href":"https:\/\/faesafor.com\/es\/wp-json\/wp\/v2\/pages\/80","targetHints":{"allow":["GET"]}}],"collection":[{"href":"https:\/\/faesafor.com\/es\/wp-json\/wp\/v2\/pages"}],"about":[{"href":"https:\/\/faesafor.com\/es\/wp-json\/wp\/v2\/types\/page"}],"author":[{"embeddable":true,"href":"https:\/\/faesafor.com\/es\/wp-json\/wp\/v2\/users\/5"}],"replies":[{"embeddable":true,"href":"https:\/\/faesafor.com\/es\/wp-json\/wp\/v2\/comments?post=80"}],"version-history":[{"count":0,"href":"https:\/\/faesafor.com\/es\/wp-json\/wp\/v2\/pages\/80\/revisions"}],"up":[{"embeddable":true,"href":"https:\/\/faesafor.com\/es\/wp-json\/wp\/v2\/pages\/16"}],"wp:attachment":[{"href":"https:\/\/faesafor.com\/es\/wp-json\/wp\/v2\/media?parent=80"}],"curies":[{"name":"wp","href":"https:\/\/api.w.org\/{rel}","templated":true}]}}