{"id":8185,"date":"2020-10-18T17:21:12","date_gmt":"2020-10-18T16:21:12","guid":{"rendered":"http:\/\/www.faesafor.com\/es\/?page_id=8185"},"modified":"2022-07-21T15:13:19","modified_gmt":"2022-07-21T14:13:19","slug":"ajudes-destinades-a-la-promocio-de-leconomia-sostenible-en-la-comunitat-valenciana-rsc","status":"publish","type":"page","link":"https:\/\/faesafor.com\/es\/ajudes-destinades-a-la-promocio-de-leconomia-sostenible-en-la-comunitat-valenciana-rsc\/","title":{"rendered":"Ajudes destinades a la promoci\u00f3 de l\u2019economia sostenible en la Comunitat Valenciana RSC"},"content":{"rendered":"\n<p><strong>FAES<\/strong>&nbsp;siempre intenta proporcionar acciones de calidad y valor a\u00f1adido a sus asociados.<\/p>\n\n\n\n<p>La&nbsp;<strong>Responsabilidad Social Corporativa<\/strong>, es uno de los temas que m\u00e1s auge est\u00e1 teniendo en estos \u00faltimos a\u00f1os.<\/p>\n\n\n\n<p>Mantener las tasas productivas, buscando el equilibrio y la sostenibilidad, est\u00e1 haciendo que cambien los paradigmas empresariales y la forma en la que las empresas est\u00e1n presentes en el mercado.<\/p>\n\n\n\n<p>Es por ello, que la asociaci\u00f3n est\u00e1 desarrollando un&nbsp;estudio&nbsp;para poder disponer de la \u201cfoto\u201d de nuestro territorio respecto a la&nbsp;RSC, con la intenci\u00f3n de poder promover acciones que vayan dirigidas a los intereses reales de las empresas de nuestro sector.<\/p>\n\n\n\n<p><strong>Es por ello que les pedimos que puedan rellenar el siguiente cuestionario. Es muy sencillo de rellenar y les ocupar\u00e1 menos de 10 minutos.<\/strong><\/p>\n\n\n\n<p>Puede rellenarlo en el siguiente enlace:<\/p>\n\n\n\n<p><a rel=\"noreferrer noopener\" href=\"https:\/\/forms.gle\/iU12Z2wE3LdRWhEz8\" target=\"_blank\">https:\/\/forms.gle\/iU12Z2wE3LdRWhEz8<\/a><\/p>\n\n\n\n<p>Muchas gracias por vuestra colaboraci\u00f3n.<\/p>\n","protected":false},"excerpt":{"rendered":"<p>FAES&nbsp;siempre intenta proporcionar acciones de calidad y valor a\u00f1adido a sus asociados. La&nbsp;Responsabilidad Social Corporativa, es uno de los temas<\/p>\n","protected":false},"author":33,"featured_media":0,"parent":0,"menu_order":0,"comment_status":"closed","ping_status":"closed","template":"","meta":{"colormag_page_layout":"default_layout","footnotes":""},"class_list":["post-8185","page","type-page","status-publish","hentry"],"_links":{"self":[{"href":"https:\/\/faesafor.com\/es\/wp-json\/wp\/v2\/pages\/8185","targetHints":{"allow":["GET"]}}],"collection":[{"href":"https:\/\/faesafor.com\/es\/wp-json\/wp\/v2\/pages"}],"about":[{"href":"https:\/\/faesafor.com\/es\/wp-json\/wp\/v2\/types\/page"}],"author":[{"embeddable":true,"href":"https:\/\/faesafor.com\/es\/wp-json\/wp\/v2\/users\/33"}],"replies":[{"embeddable":true,"href":"https:\/\/faesafor.com\/es\/wp-json\/wp\/v2\/comments?post=8185"}],"version-history":[{"count":0,"href":"https:\/\/faesafor.com\/es\/wp-json\/wp\/v2\/pages\/8185\/revisions"}],"wp:attachment":[{"href":"https:\/\/faesafor.com\/es\/wp-json\/wp\/v2\/media?parent=8185"}],"curies":[{"name":"wp","href":"https:\/\/api.w.org\/{rel}","templated":true}]}}