{"id":8196,"date":"2020-10-18T17:28:41","date_gmt":"2020-10-18T16:28:41","guid":{"rendered":"http:\/\/www.faesafor.com\/es\/?page_id=8196"},"modified":"2022-09-28T14:24:41","modified_gmt":"2022-09-28T13:24:41","slug":"programa-dajudes-per-a-millorar-la-competitivitat-i-sostenibilitat-industrial","status":"publish","type":"page","link":"https:\/\/faesafor.com\/es\/programa-dajudes-per-a-millorar-la-competitivitat-i-sostenibilitat-industrial\/","title":{"rendered":"Programa d\u2019ajudes per a millorar la competitivitat i sostenibilitat industrial"},"content":{"rendered":"\n<p><strong>FAES<\/strong>&nbsp;se encuentra inmersa en un proyecto de mejora de contenidos de aplicaci\u00f3n para nuestro territorio.<\/p>\n\n\n\n<p>En estos \u00faltimos a\u00f1os las metodolog\u00edas de&nbsp;<strong>Lean&nbsp;Manufacturing<\/strong>&nbsp;han despertado mucho inter\u00e9s en el sector industrial, ya que ayudan a las empresas a reducir sus costes productivos e iniciar un camino hacia la&nbsp;<em>Mejora Continua<\/em>.<\/p>\n\n\n\n<p>Queremos informarle, que desde la Federaci\u00f3n estamos desarrollando un&nbsp;<strong>Estudio&nbsp;Territorial<\/strong>, para detectar las necesidades que plantean nuestras empresas en materia de productividad y as\u00ed poder impulsar a la aplicaci\u00f3n de sistemas de Lean&nbsp;Manufacturing.<\/p>\n\n\n\n<p>El objetivo que se pretende conseguir, es poder plantear&nbsp;<strong>acciones futuras<\/strong>&nbsp;que vayan dirigidas a cubrir dichas necesidades.<\/p>\n\n\n\n<p>Es por ello, que les pedimos unos&nbsp;<strong>10 minutos de su tiempo<\/strong>, para poder rellenar el cuestionario que les indicamos a continuaci\u00f3n:<\/p>\n\n\n\n<p><a rel=\"noreferrer noopener\" href=\"https:\/\/forms.gle\/kM9JjC8gmMCchuim8\" target=\"_blank\">https:\/\/forms.gle\/kM9JjC8gmMCchuim8<\/a><\/p>\n\n\n\n<p>Les rogamos que lo puedan cumplimentar, ya que el futuro del sector industrial, depende de que se mejoren las tasas de productividad y seamos m\u00e1s competitivos en costes.<\/p>\n\n\n\n<p>\u00a1Muchas gracias por su colaboraci\u00f3n!<\/p>\n","protected":false},"excerpt":{"rendered":"<p>FAES&nbsp;se encuentra inmersa en un proyecto de mejora de contenidos de aplicaci\u00f3n para nuestro territorio. En estos \u00faltimos a\u00f1os las<\/p>\n","protected":false},"author":33,"featured_media":0,"parent":0,"menu_order":0,"comment_status":"closed","ping_status":"closed","template":"","meta":{"colormag_page_layout":"default_layout","footnotes":""},"class_list":["post-8196","page","type-page","status-publish","hentry"],"_links":{"self":[{"href":"https:\/\/faesafor.com\/es\/wp-json\/wp\/v2\/pages\/8196","targetHints":{"allow":["GET"]}}],"collection":[{"href":"https:\/\/faesafor.com\/es\/wp-json\/wp\/v2\/pages"}],"about":[{"href":"https:\/\/faesafor.com\/es\/wp-json\/wp\/v2\/types\/page"}],"author":[{"embeddable":true,"href":"https:\/\/faesafor.com\/es\/wp-json\/wp\/v2\/users\/33"}],"replies":[{"embeddable":true,"href":"https:\/\/faesafor.com\/es\/wp-json\/wp\/v2\/comments?post=8196"}],"version-history":[{"count":0,"href":"https:\/\/faesafor.com\/es\/wp-json\/wp\/v2\/pages\/8196\/revisions"}],"wp:attachment":[{"href":"https:\/\/faesafor.com\/es\/wp-json\/wp\/v2\/media?parent=8196"}],"curies":[{"name":"wp","href":"https:\/\/api.w.org\/{rel}","templated":true}]}}