{"id":8298,"date":"2021-01-29T18:26:24","date_gmt":"2021-01-29T17:26:24","guid":{"rendered":"http:\/\/www.faesafor.com\/es\/?page_id=8298"},"modified":"2021-01-29T18:26:25","modified_gmt":"2021-01-29T17:26:25","slug":"subvenciones-ivace","status":"publish","type":"page","link":"https:\/\/faesafor.com\/es\/subvenciones-ivace\/","title":{"rendered":"Subvenciones IVACE"},"content":{"rendered":"\n<p>Notificaci\u00f3n de concesi\u00f3n de subvenci\u00f3n: <\/p>\n\n\n\n<div class=\"wp-block-file\"><a href=\"http:\/\/www.faesafor.com\/es\/wp-content\/uploads\/2021\/01\/IMDINE_2020_12.pdf\">IMDINE_2020_12<\/a><a href=\"http:\/\/www.faesafor.com\/es\/wp-content\/uploads\/2021\/01\/IMDINE_2020_12.pdf\" class=\"wp-block-file__button\" download>Descarga<\/a><\/div>\n\n\n\n<p>Diari Oficial de la Generalitat Valenciana:<\/p>\n\n\n\n<div class=\"wp-block-file\"><a href=\"http:\/\/www.faesafor.com\/es\/wp-content\/uploads\/2021\/01\/2020_1508.pdf\">2020_1508<\/a><a href=\"http:\/\/www.faesafor.com\/es\/wp-content\/uploads\/2021\/01\/2020_1508.pdf\" class=\"wp-block-file__button\" download>Descarga<\/a><\/div>\n","protected":false},"excerpt":{"rendered":"<p>Notificaci\u00f3n de concesi\u00f3n de subvenci\u00f3n: Diari Oficial de la Generalitat Valenciana:<\/p>\n","protected":false},"author":33,"featured_media":0,"parent":0,"menu_order":0,"comment_status":"closed","ping_status":"closed","template":"","meta":{"colormag_page_layout":"default_layout","footnotes":""},"class_list":["post-8298","page","type-page","status-publish","hentry"],"_links":{"self":[{"href":"https:\/\/faesafor.com\/es\/wp-json\/wp\/v2\/pages\/8298","targetHints":{"allow":["GET"]}}],"collection":[{"href":"https:\/\/faesafor.com\/es\/wp-json\/wp\/v2\/pages"}],"about":[{"href":"https:\/\/faesafor.com\/es\/wp-json\/wp\/v2\/types\/page"}],"author":[{"embeddable":true,"href":"https:\/\/faesafor.com\/es\/wp-json\/wp\/v2\/users\/33"}],"replies":[{"embeddable":true,"href":"https:\/\/faesafor.com\/es\/wp-json\/wp\/v2\/comments?post=8298"}],"version-history":[{"count":0,"href":"https:\/\/faesafor.com\/es\/wp-json\/wp\/v2\/pages\/8298\/revisions"}],"wp:attachment":[{"href":"https:\/\/faesafor.com\/es\/wp-json\/wp\/v2\/media?parent=8298"}],"curies":[{"name":"wp","href":"https:\/\/api.w.org\/{rel}","templated":true}]}}