{"id":8770,"date":"2022-07-21T11:39:58","date_gmt":"2022-07-21T10:39:58","guid":{"rendered":"http:\/\/www.faesafor.com\/es\/?page_id=8770"},"modified":"2022-09-28T14:29:22","modified_gmt":"2022-09-28T13:29:22","slug":"ajudes-destinades-a-la-promocio-de-leconomia-sostenible-en-la-comunitat-valenciana-rsc-2020","status":"publish","type":"page","link":"https:\/\/faesafor.com\/es\/ajudes-destinades-a-la-promocio-de-leconomia-sostenible-en-la-comunitat-valenciana-rsc-2020\/","title":{"rendered":"Ajudes destinades a la promoci\u00f3 de l\u2019economia sostenible en la Comunitat Valenciana RSC (2020)"},"content":{"rendered":"\n<figure class=\"wp-block-image size-large\"><img decoding=\"async\" src=\"http:\/\/www.faesafor.com\/es\/wp-content\/uploads\/2020\/10\/Conselleria_Economia-1-1024x608.png\" alt=\"\" class=\"wp-image-8193\"\/><\/figure>\n\n\n\n<p> <strong>Expedient EBCSAL\/2020\/24 A FAES per 9.990,00\u20ac<\/strong> <\/p>\n\n\n\n<p>Adjuntem el Diari Oficial de la GV Num. 8876\/07.08.2020 Resoluci\u00f3 30 de juliol de 2020 <\/p>\n\n\n\n<div class=\"wp-block-file\"><a href=\"http:\/\/www.faesafor.com\/es\/wp-content\/uploads\/2022\/07\/notif-5.pdf\">Diari Oficial de la GV Num. 8876\/07.08.2020 <\/a><a href=\"http:\/\/www.faesafor.com\/es\/wp-content\/uploads\/2022\/07\/notif-5.pdf\" class=\"wp-block-file__button\" download>Descarga<\/a><\/div>\n\n\n\n<figure class=\"wp-block-gallery columns-2 is-cropped wp-block-gallery-1 is-layout-flex wp-block-gallery-is-layout-flex\"><ul class=\"blocks-gallery-grid\"><li class=\"blocks-gallery-item\"><figure><img decoding=\"async\" src=\"http:\/\/www.faesafor.com\/es\/wp-content\/uploads\/2020\/10\/PROGRAMA-FORMATIVO-RSC-FAES-scaled.jpg\" alt=\"\" data-id=\"8190\" data-full-url=\"http:\/\/www.faesafor.com\/es\/wp-content\/uploads\/2020\/10\/PROGRAMA-FORMATIVO-RSC-FAES-scaled.jpg\" data-link=\"http:\/\/www.faesafor.com\/es\/ajudes-destinades-a-la-promocio-de-leconomia-sostenible-en-la-comunitat-valenciana-rsc\/programa-formativo-rsc-faes\/\" class=\"wp-image-8190\"\/><\/figure><\/li><li class=\"blocks-gallery-item\"><figure><img decoding=\"async\" src=\"http:\/\/www.faesafor.com\/es\/wp-content\/uploads\/2020\/09\/55ae11a6-c254-4f40-ad84-e9f72a31288e-1024x576.jpeg\" alt=\"\" data-id=\"8138\" data-full-url=\"http:\/\/www.faesafor.com\/es\/wp-content\/uploads\/2020\/09\/55ae11a6-c254-4f40-ad84-e9f72a31288e.jpeg\" data-link=\"http:\/\/www.faesafor.com\/es\/evento\/jornada-responsabilidad-social-corporativa\/55ae11a6-c254-4f40-ad84-e9f72a31288e\/\" class=\"wp-image-8138\"\/><\/figure><\/li><\/ul><\/figure>\n\n\n\n<p><strong>FAES<\/strong>\u00a0siempre intenta proporcionar acciones de calidad y valor a\u00f1adido a sus asociados.<\/p>\n\n\n\n<p>La\u00a0<strong>Responsabilidad Social Corporativa<\/strong>, es uno de los temas que m\u00e1s auge est\u00e1 teniendo en estos \u00faltimos a\u00f1os. <\/p>\n\n\n\n<p>Mantener las tasas productivas, buscando el equilibrio y la sostenibilidad, est\u00e1 haciendo que cambien los paradigmas empresariales y la forma en la que las empresas est\u00e1n presentes en el mercado. <\/p>\n\n\n\n<p>Es por ello, que la asociaci\u00f3n est\u00e1 desarrollando un\u00a0estudio\u00a0para poder disponer de la \u201cfoto\u201d de nuestro territorio respecto a la\u00a0RSC, con la intenci\u00f3n de poder promover acciones que vayan dirigidas a los intereses reales de las empresas de nuestro sector.<\/p>\n\n\n\n<p><strong>Es por ello que les pedimos que puedan rellenar el siguiente cuestionario. Es muy sencillo de rellenar y les ocupar\u00e1 menos de 10 minutos.<\/strong><\/p>\n\n\n\n<p>Puede rellenarlo en el siguiente <a rel=\"noreferrer noopener\" aria-label=\"enlace (se abre en una nueva pesta\u00f1a)\" href=\"https:\/\/forms.gle\/iU12Z2wE3LdRWhEz8\" target=\"_blank\">enlace<\/a><\/p>\n\n\n\n<p>Muchas gracias por vuestra colaboraci\u00f3n.<\/p>\n","protected":false},"excerpt":{"rendered":"<p>Expedient EBCSAL\/2020\/24 A FAES per 9.990,00\u20ac Adjuntem el Diari Oficial de la GV Num. 8876\/07.08.2020 Resoluci\u00f3 30 de juliol de<\/p>\n","protected":false},"author":36,"featured_media":0,"parent":0,"menu_order":0,"comment_status":"closed","ping_status":"closed","template":"","meta":{"colormag_page_layout":"default_layout","footnotes":""},"class_list":["post-8770","page","type-page","status-publish","hentry"],"_links":{"self":[{"href":"https:\/\/faesafor.com\/es\/wp-json\/wp\/v2\/pages\/8770","targetHints":{"allow":["GET"]}}],"collection":[{"href":"https:\/\/faesafor.com\/es\/wp-json\/wp\/v2\/pages"}],"about":[{"href":"https:\/\/faesafor.com\/es\/wp-json\/wp\/v2\/types\/page"}],"author":[{"embeddable":true,"href":"https:\/\/faesafor.com\/es\/wp-json\/wp\/v2\/users\/36"}],"replies":[{"embeddable":true,"href":"https:\/\/faesafor.com\/es\/wp-json\/wp\/v2\/comments?post=8770"}],"version-history":[{"count":0,"href":"https:\/\/faesafor.com\/es\/wp-json\/wp\/v2\/pages\/8770\/revisions"}],"wp:attachment":[{"href":"https:\/\/faesafor.com\/es\/wp-json\/wp\/v2\/media?parent=8770"}],"curies":[{"name":"wp","href":"https:\/\/api.w.org\/{rel}","templated":true}]}}