{"id":88,"date":"2012-07-04T03:57:27","date_gmt":"2012-07-04T03:57:27","guid":{"rendered":"http:\/\/www.faesafor.com\/es\/?page_id=88"},"modified":"2024-12-01T21:43:22","modified_gmt":"2024-12-01T19:43:22","slug":"informe-secretario-general","status":"publish","type":"page","link":"https:\/\/faesafor.com\/es\/la-federacion\/informe-secretario-general\/","title":{"rendered":"Informe secretario general"},"content":{"rendered":"<p style=\"text-align: justify;\">En primer lugar, quiero agradecer la confianza del Presidente y miembros de la Junta Directiva por haberme nombrado Secretaria General de la Federaci\u00f3n. Quiero expresar mi satisfacci\u00f3n por servir con mi trabajo al colectivo empresarial. La tarea no es f\u00e1cil pero con el apoyo del Presidente y de los miembros de FAES podemos hacer una gran Federaci\u00f3n de Asociaciones de Empresarios de la Safor.<\/p>\n<p style=\"text-align: justify;\">No quiero olvidar la gran labor que ha realizado mi antecesor <strong>D. Pablo del Castillo<\/strong> al desempe\u00f1ar el cargo de Secretario en una etapa dif\u00edcil para las empresas y para FAES, muchas gracias Pablo.<\/p>\n<p style=\"text-align: justify;\">Esta memoria recoge la actividad desarrollada durante el ejercicio 2011, ejercicio que se ha caracterizado por el incremento de las Asociaciones que integran la Federaci\u00f3n. El fomento del asociacionismo empresarial es nuestro objetivo primordial.<\/p>\n<p style=\"text-align: justify;\">Hay que destacar la labor de preparaci\u00f3n de proyectos que, vali\u00e9ndonos de la experiencia anterior, se presentaron para y durante el 2011. La actual coyuntura econ\u00f3mica nos ha llevado a plantear el desestimar la realizaci\u00f3n de un proyecto concedido, en un acto de prudencia ante los retrasos en el pago por parte de la Administraci\u00f3n.<\/p>\n<p style=\"text-align: justify;\">Tambi\u00e9n quiero mencionar la gran labor de cooperaci\u00f3n con organizaciones empresariales de toda la Comunidad Valenciana. Ha sido una experiencia positiva conocer los diferentes sectores de otros territorios, sus carencias, sus necesidades, sus oportunidades. Hay disposici\u00f3n por parte de estas organizaciones en mantener el contacto y trabajar en proyectos que nos aporten medios para innovar en nuestras comarcas.<\/p>\n<p style=\"text-align: justify;\">Destacar la relaci\u00f3n y apoyo incondicional de la sede comarcal de la Confederaci\u00f3n Empresarial Valenciana en Gandia, la colaboraci\u00f3n en las jornadas, seminarios y talleres. Agradecer a <strong>D\u00aa Pilar Guti\u00e9rrez<\/strong> su disponibilidad y apoyo constante a la Federaci\u00f3n.<\/p>\n<p style=\"text-align: justify;\">Para terminar quisiera agradecer desde esta Secretar\u00eda el trabajo realizado por todos los integrantes de la Junta Directiva en las diferentes Comisiones y en el d\u00eda a d\u00eda de FAES.<\/p>\n<p style=\"text-align: justify;\">Gracias a todos por hacer Federaci\u00f3n.<\/p>\n<p><strong>Josefa L\u00f3pez Yuste<\/strong><br \/>\nSecretaria General de FAES<\/p>\n","protected":false},"excerpt":{"rendered":"<p>En primer lugar, quiero agradecer la confianza del Presidente y miembros de la Junta Directiva por haberme nombrado Secretaria General<\/p>\n","protected":false},"author":5,"featured_media":0,"parent":16,"menu_order":2,"comment_status":"closed","ping_status":"open","template":"","meta":{"colormag_page_layout":"default_layout","footnotes":""},"class_list":["post-88","page","type-page","status-publish","hentry"],"_links":{"self":[{"href":"https:\/\/faesafor.com\/es\/wp-json\/wp\/v2\/pages\/88","targetHints":{"allow":["GET"]}}],"collection":[{"href":"https:\/\/faesafor.com\/es\/wp-json\/wp\/v2\/pages"}],"about":[{"href":"https:\/\/faesafor.com\/es\/wp-json\/wp\/v2\/types\/page"}],"author":[{"embeddable":true,"href":"https:\/\/faesafor.com\/es\/wp-json\/wp\/v2\/users\/5"}],"replies":[{"embeddable":true,"href":"https:\/\/faesafor.com\/es\/wp-json\/wp\/v2\/comments?post=88"}],"version-history":[{"count":0,"href":"https:\/\/faesafor.com\/es\/wp-json\/wp\/v2\/pages\/88\/revisions"}],"up":[{"embeddable":true,"href":"https:\/\/faesafor.com\/es\/wp-json\/wp\/v2\/pages\/16"}],"wp:attachment":[{"href":"https:\/\/faesafor.com\/es\/wp-json\/wp\/v2\/media?parent=88"}],"curies":[{"name":"wp","href":"https:\/\/api.w.org\/{rel}","templated":true}]}}