{"id":8968,"date":"2022-12-12T18:50:32","date_gmt":"2022-12-12T17:50:32","guid":{"rendered":"http:\/\/www.faesafor.com\/es\/?page_id=8968"},"modified":"2022-12-12T18:56:40","modified_gmt":"2022-12-12T17:56:40","slug":"safor-salut","status":"publish","type":"page","link":"https:\/\/faesafor.com\/es\/safor-salut\/","title":{"rendered":"Safor Salut"},"content":{"rendered":"\n<h2 class=\"wp-block-heading\"><strong>Econom\u00eda circular de residuos textiles hospitalarios<\/strong><\/h2>\n\n\n\n<figure class=\"wp-block-embed-youtube wp-block-embed is-type-video is-provider-youtube wp-embed-aspect-16-9 wp-has-aspect-ratio\"><div class=\"wp-block-embed__wrapper\">\n<iframe title=\"Econom\u00eda circular de residuos textiles hospitalarios\" width=\"800\" height=\"450\" src=\"https:\/\/www.youtube.com\/embed\/KWRIl_uDApE?feature=oembed\" frameborder=\"0\" allow=\"accelerometer; autoplay; clipboard-write; encrypted-media; gyroscope; picture-in-picture; web-share\" referrerpolicy=\"strict-origin-when-cross-origin\" allowfullscreen><\/iframe>\n<\/div><\/figure>\n\n\n\n<p>Este proyecto surgi\u00f3 con el objetivo de crear un sistema circular de valorizaci\u00f3n de residuos textiles implicando a los principales actores valencianos relacionados. Para tal fin, se est\u00e1 estudiando el reciclado de batas desechables hospitalarias al final de su vida \u00fatil con el objetivo de obtener nuevos productos de alto valor a\u00f1adido. De este modo, se pretende desarrollar nuevos materiales pl\u00e1sticos de altas prestaciones y menor coste productivo, reduciendo notablemente el impacto medioambiental. Se prev\u00e9 que mediante esta estrategia mejore la competitividad y productividad del sector gracias a un consumo eficiente de los recursos y una reducci\u00f3n en la generaci\u00f3n de residuos, siendo estos dos pilares fundamentales para un modelo textil sostenible, competitivo y respetuoso con el medioambiente. En la actualidad, este proyecto est\u00e1 siendo desarrollado por las empresas Plastics Casaravi y Aupa Hogar, en cooperaci\u00f3n con Fisabio a trav\u00e9s del Hospital Francesc de Borja de Gandia, con la colaboraci\u00f3n de personal investigador de la Universitat Polit\u00e8cnica de Val\u00e8ncia y del Instituto Tecnol\u00f3gico Textil (Aitex). Proyecto financiado por el programa Polisabio y por la Ag\u00e8ncia Valenciana de la Innovaci\u00f3 (AVI). <\/p>\n\n\n\n<p>M\u00e1s informaci\u00f3n:<a href=\"https:\/\/www.youtube.com\/redirect?event=video_description&amp;redir_token=QUFFLUhqbEdvbE1iclFRUGo1bDgxMllzMmVZQi1vbUdaZ3xBQ3Jtc0trLUd1Ym9jbERZb2hrcVBfcVdqd1B0SGlPeTgwd1JIWHFBQWZCOUhfMk1EU0QxWlhlUjdqdmR4WW5seWNiYlpTbUxBTnRvb0t4eW5KczFzMDkxZEFVd0lod3dKbGZlSVZXQ2Nkcl9QMk9mMTROYzhRUQ&amp;q=https%3A%2F%2Fsaforsalut.es%2Fproyectos%2F&amp;v=KWRIl_uDApE\">https:\/\/saforsalut.es\/proyectos\/<\/a><\/p>\n\n\n\n<h2 class=\"wp-block-heading\"><strong>Respuesta a terapias de estimulaci\u00f3n en pacientes con estado alterado de conciencia<\/strong><\/h2>\n\n\n\n<figure class=\"wp-block-embed-youtube wp-block-embed is-type-video is-provider-youtube wp-embed-aspect-16-9 wp-has-aspect-ratio\"><div class=\"wp-block-embed__wrapper\">\n<iframe title=\"Respuesta a terapias de estimulaci\u00f3n en pacientes con estado alterado de conciencia\" width=\"800\" height=\"450\" src=\"https:\/\/www.youtube.com\/embed\/K14TDgDzSyI?feature=oembed\" frameborder=\"0\" allow=\"accelerometer; autoplay; clipboard-write; encrypted-media; gyroscope; picture-in-picture; web-share\" referrerpolicy=\"strict-origin-when-cross-origin\" allowfullscreen><\/iframe>\n<\/div><\/figure>\n\n\n\n<p>Las personas en estado vegetativo o con m\u00ednima conciencia a menudo no presentan respuestas evidentes o f\u00e1cilmente identificables en su interacci\u00f3n con el entorno, siendo dif\u00edcil para el personal sanitario (m\u00e9dicos, de enfermer\u00eda, terapeutas) detectar la respuesta del paciente ante los diferentes est\u00edmulos que se le aplican. El objetivo de este proyecto es desarrollar un dispositivo que analice todas estas se\u00f1ales durante la realizaci\u00f3n de las terapias de estimulaci\u00f3n, permitiendo obtener informaci\u00f3n, seg\u00fan los cambios producidos en los par\u00e1metros medidos, de la reactividad del paciente ante determinados est\u00edmulos.<\/p>\n\n\n\n<p>Este proyecto se est\u00e1 llevando a cabo en colaboraci\u00f3n entre el Campus de Gandia (UPV), Fisabio\u2013Hospital La Pedrera, la <strong>Federaci\u00f3n de Asociaciones de Empresarios de la <\/strong><em><strong>Safor<\/strong><\/em><strong> (<\/strong><em><strong>FAES<\/strong><\/em><strong>), a trav\u00e9s de la empresa MEDIP HEALTH S.L<\/strong>. Cuenta con la financiaci\u00f3n del programa Polisabio. <\/p>\n\n\n\n<p>M\u00e1s informaci\u00f3n:<a href=\"https:\/\/www.youtube.com\/redirect?event=video_description&amp;redir_token=QUFFLUhqbThBZFZVaGYwQjVfeU44cTVxWlc3WWE4d25sd3xBQ3Jtc0tuTUpNaVhVWFR3U3NoTE9ud2szcHJlSGc3ZFQ4ckluVUgwemxIXzdpcjU1djQ1QUNwRV9EeUZFbEFtTENReWtIRXhBaTNacU5nNHFKcUN2U2RpU3hMVDlCcXprNkxybVByNlpaR1VUT253N2JWUWd2RQ&amp;q=https%3A%2F%2Fsaforsalut.es%2Fproyectos%2F&amp;v=K14TDgDzSyI\"> https:\/\/saforsalut.es\/proyectos\/<\/a><\/p>\n\n\n\n<p><\/p>\n\n\n\n<h2 class=\"wp-block-heading\"><strong>Reducci\u00f3n de la transmisi\u00f3n de la vibraci\u00f3n en incubadoras<\/strong><\/h2>\n\n\n\n<figure class=\"wp-block-embed-youtube wp-block-embed is-type-video is-provider-youtube wp-embed-aspect-16-9 wp-has-aspect-ratio\"><div class=\"wp-block-embed__wrapper\">\n<iframe title=\"Reducci\u00f3n de la transmisi\u00f3n de la vibraci\u00f3n en incubadoras\" width=\"800\" height=\"450\" src=\"https:\/\/www.youtube.com\/embed\/z6MZyi0Zp1A?feature=oembed\" frameborder=\"0\" allow=\"accelerometer; autoplay; clipboard-write; encrypted-media; gyroscope; picture-in-picture; web-share\" referrerpolicy=\"strict-origin-when-cross-origin\" allowfullscreen><\/iframe>\n<\/div><\/figure>\n\n\n\n<p>Las salas neonatales en los hospitales sufren con frecuencia un exceso de contaminaci\u00f3n ac\u00fastica. \u00c9sta engloba dos conceptos, ruido y vibraci\u00f3n. Concretamente, la vibraci\u00f3n se puede transmitir al interior de las incubadoras de neonatos ingresados, siendo su fuente principal, aunque no \u00fanica, el propio motor del equipo de la incubadora. El equipamiento habitual de una sala incluye alarmas, pulsiox\u00edmetros, bombas de infusi\u00f3n, etc., y no ha sido dise\u00f1ada pensando en el confort ambiental de pacientes neonatales. Tampoco el entorno de la sala, como por ejemplo el aire acondicionado central. A su vez, la forma geom\u00e9trica del cierre de las incubadoras y el mecanismo de enganche de este tipo de alarmas a las incubadoras, as\u00ed como el dise\u00f1o del motor y del encaje de \u00e9ste, pueden amplificar ciertas frecuencias de ruido a\u00e9reo y de vibraciones.<\/p>\n\n\n\n<p> Seg\u00fan los estudios realizado \u201cin situ\u201d, estos niveles pueden sobrepasar los niveles indicados en la norma internacional ISO 2631-2: 2003 y las distintas regulaciones nacionales vigentes en cada pa\u00eds. Personal investigador del Campus de Gandia (UPV) y Fisabio han desarrollado una metodolog\u00eda para medir las vibraciones transmitidas a neonatos en el interior de las incubadoras para proponer las soluciones m\u00e1s adecuadas. La metodolog\u00eda tiene en cuenta las fuentes de la vibraci\u00f3n, las condiciones espaciales de las salas, el dise\u00f1o completo de la incubadora neonatal, la posici\u00f3n del motor de la incubadora y la posici\u00f3n del paciente neonato durante su ingreso.<\/p>\n\n\n\n<p>M\u00e1s informaci\u00f3n: <a href=\"https:\/\/www.youtube.com\/redirect?event=video_description&amp;redir_token=QUFFLUhqbllhazg2b19VSGF0MjZTVWVsdUdnVTdpVElUd3xBQ3Jtc0ttRHNnMGVjWGFSVHYtMzNSOUV6d3Y2X2U4RGJoTTQtT3BpeUFJRTh6VnlEektoZ1lqQzFFaURzU01Dd1lMYU5fY1h0d09KTG4zak01ZmplS3NtdFAyUGhST2QyQmViNmRiVGM0MlZHUlBJSUIxdHMxQQ&amp;q=https%3A%2F%2Fsaforsalut.es%2Fproyectos%2F&amp;v=z6MZyi0Zp1A\">https:\/\/saforsalut.es\/proyectos\/<\/a><\/p>\n","protected":false},"excerpt":{"rendered":"<p>Econom\u00eda circular de residuos textiles hospitalarios Este proyecto surgi\u00f3 con el objetivo de crear un sistema circular de valorizaci\u00f3n de<\/p>\n","protected":false},"author":36,"featured_media":0,"parent":0,"menu_order":0,"comment_status":"closed","ping_status":"closed","template":"","meta":{"colormag_page_layout":"default_layout","footnotes":""},"class_list":["post-8968","page","type-page","status-publish","hentry"],"_links":{"self":[{"href":"https:\/\/faesafor.com\/es\/wp-json\/wp\/v2\/pages\/8968","targetHints":{"allow":["GET"]}}],"collection":[{"href":"https:\/\/faesafor.com\/es\/wp-json\/wp\/v2\/pages"}],"about":[{"href":"https:\/\/faesafor.com\/es\/wp-json\/wp\/v2\/types\/page"}],"author":[{"embeddable":true,"href":"https:\/\/faesafor.com\/es\/wp-json\/wp\/v2\/users\/36"}],"replies":[{"embeddable":true,"href":"https:\/\/faesafor.com\/es\/wp-json\/wp\/v2\/comments?post=8968"}],"version-history":[{"count":0,"href":"https:\/\/faesafor.com\/es\/wp-json\/wp\/v2\/pages\/8968\/revisions"}],"wp:attachment":[{"href":"https:\/\/faesafor.com\/es\/wp-json\/wp\/v2\/media?parent=8968"}],"curies":[{"name":"wp","href":"https:\/\/api.w.org\/{rel}","templated":true}]}}