{"id":9150,"date":"2023-07-04T12:57:56","date_gmt":"2023-07-04T11:57:56","guid":{"rendered":"http:\/\/www.faesafor.com\/es\/?page_id=9150"},"modified":"2023-07-04T13:02:25","modified_gmt":"2023-07-04T12:02:25","slug":"memoria-2022","status":"publish","type":"page","link":"https:\/\/faesafor.com\/es\/memoria-2022\/","title":{"rendered":"Memoria 2022"},"content":{"rendered":"\n<p><strong>FEDERACI\u00d3N DE ASOCIACIONES DE EMPRESARIOS DE LA SAFOR<\/strong><\/p>\n\n\n\n<p><strong>SUMARIO<\/strong><\/p>\n\n\n\n<ol class=\"wp-block-list\"><li>Informe del presidente<\/li><li>Informe secretaria<\/li><li>\u00d3rganos de Gobierno de la Federaci\u00f3n<\/li><li>Reuniones Junta Directiva y Asamblea<\/li><li>Relaci\u00f3n de Actividades<\/li><li>\u00c1reas de Trabajo<\/li><li>Reivindicaciones empresariales<\/li><li>Jornadas, Seminarios y Cursos<\/li><li>Representaciones empresariales<\/li><li>Representaci\u00f3n y relaci\u00f3n institucional<\/li><li>Convenios de Colaboraci\u00f3n<\/li><li>XXIII Encuentro Empresarial- Premios FAES 2022<\/li><li>Circulares Informativas<\/li><li>Prensa y Comunicaci\u00f3n<\/li><li>Subvenciones recibidas y justificadas 2022<\/li><li>Balance y cuentas de resultados ejercicio 2022<\/li><li>Presupuesto ejercicio 2023<\/li><li>Listado de Asociaciones que integran FAES<\/li><\/ol>\n\n\n\n<div class=\"wp-block-button aligncenter\"><a class=\"wp-block-button__link has-background\" href=\"http:\/\/www.faesafor.com\/es\/wp-content\/uploads\/2023\/07\/MEMORIA-FAES-2022.pdf\" style=\"background-color:#aa0973\" target=\"_blank\" rel=\"noreferrer noopener\">Memoria Completa<\/a><\/div>\n","protected":false},"excerpt":{"rendered":"<p>FEDERACI\u00d3N DE ASOCIACIONES DE EMPRESARIOS DE LA SAFOR SUMARIO Informe del presidente Informe secretaria \u00d3rganos de Gobierno de la Federaci\u00f3n<\/p>\n","protected":false},"author":36,"featured_media":0,"parent":0,"menu_order":0,"comment_status":"closed","ping_status":"closed","template":"","meta":{"colormag_page_layout":"default_layout","footnotes":""},"class_list":["post-9150","page","type-page","status-publish","hentry"],"_links":{"self":[{"href":"https:\/\/faesafor.com\/es\/wp-json\/wp\/v2\/pages\/9150","targetHints":{"allow":["GET"]}}],"collection":[{"href":"https:\/\/faesafor.com\/es\/wp-json\/wp\/v2\/pages"}],"about":[{"href":"https:\/\/faesafor.com\/es\/wp-json\/wp\/v2\/types\/page"}],"author":[{"embeddable":true,"href":"https:\/\/faesafor.com\/es\/wp-json\/wp\/v2\/users\/36"}],"replies":[{"embeddable":true,"href":"https:\/\/faesafor.com\/es\/wp-json\/wp\/v2\/comments?post=9150"}],"version-history":[{"count":0,"href":"https:\/\/faesafor.com\/es\/wp-json\/wp\/v2\/pages\/9150\/revisions"}],"wp:attachment":[{"href":"https:\/\/faesafor.com\/es\/wp-json\/wp\/v2\/media?parent=9150"}],"curies":[{"name":"wp","href":"https:\/\/api.w.org\/{rel}","templated":true}]}}