{"id":9235,"date":"2023-09-11T16:09:43","date_gmt":"2023-09-11T15:09:43","guid":{"rendered":"http:\/\/www.faesafor.com\/es\/?page_id=9235"},"modified":"2023-10-20T12:48:08","modified_gmt":"2023-10-20T11:48:08","slug":"ajudes-destinades-a-la-promocio-de-leconomia-sostenible-en-la-comunitat-valenciana-rsc-2023","status":"publish","type":"page","link":"https:\/\/faesafor.com\/es\/ajudes-destinades-a-la-promocio-de-leconomia-sostenible-en-la-comunitat-valenciana-rsc-2023\/","title":{"rendered":"Ajudes destinades a la promoci\u00f3 de l\u2019economia sostenible en la Comunitat Valenciana RSC (2023)"},"content":{"rendered":"\n<figure class=\"wp-block-image size-large\"><img decoding=\"async\" src=\"http:\/\/www.faesafor.com\/es\/wp-content\/uploads\/2020\/10\/Conselleria_Economia-1-1024x608.png\" alt=\"\" class=\"wp-image-8193\"\/><\/figure>\n\n\n\n<p>Adjuntem el Diari Oficial de la GV Num. 9641\/17.07.2023 Resoluci\u00f3 13 de juliol de 2023.<\/p>\n\n\n\n<div class=\"wp-block-file\"><a href=\"http:\/\/www.faesafor.com\/es\/wp-content\/uploads\/2023\/09\/Diari-Oficial-de-la-GV-Num.-964117.07.2023.pdf\">Diari Oficial de la GV Num. 9641\/17.07.2023<\/a><a href=\"http:\/\/www.faesafor.com\/es\/wp-content\/uploads\/2023\/09\/Diari-Oficial-de-la-GV-Num.-964117.07.2023.pdf\" class=\"wp-block-file__button\" download>Descarga<\/a><\/div>\n\n\n\n<div style=\"height:50px\" aria-hidden=\"true\" class=\"wp-block-spacer\"><\/div>\n\n\n\n<h2 class=\"wp-block-heading\">Difusi\u00f3n de ODS<\/h2>\n\n\n\n<p>Presentamos el <strong>proyecto de difusi\u00f3n de ODS<\/strong> para empresas en la comarca de la Safor, destacando las acciones de FAES en 2023 para promover la Econom\u00eda Sostenible y la Econom\u00eda de Bien Com\u00fan. Mira nuestro primer video sobre la ley de residuos y econom\u00eda circular en la Comunitat Valenciana.<\/p>\n\n\n\n<figure class=\"wp-block-video\"><video controls src=\"https:\/\/www.faesafor.com\/es\/wp-content\/uploads\/2023\/10\/VIDEO-1-FAES.mp4\"><\/video><\/figure>\n\n\n\n<div style=\"height:20px\" aria-hidden=\"true\" class=\"wp-block-spacer\"><\/div>\n\n\n\n<div class=\"wp-block-file\"><a href=\"http:\/\/www.faesafor.com\/es\/wp-content\/uploads\/2023\/10\/FICHA-FAES_1_2023.pdf\" target=\"_blank\" rel=\"noopener noreferrer\">Descargar en formato PDF (Ficha 1)<\/a><\/div>\n\n\n\n<div style=\"height:30px\" aria-hidden=\"true\" class=\"wp-block-spacer\"><\/div>\n\n\n\n<p>Continuamos con la presentaci\u00f3n del proyecto &#8216;<strong>Difusi\u00f3n de los ODS para empresas en la comarca de la Safor<\/strong>&#8216;. En nuestro segundo video, exploramos la Ley de Cambio Clim\u00e1tico y Transici\u00f3n Ecol\u00f3gica de la Comunitat Valenciana (Ley 6\/2022), detallando su prop\u00f3sito, las obligaciones empresariales y el cronograma de implementaci\u00f3n. <\/p>\n\n\n\n<figure class=\"wp-block-video\"><video controls src=\"http:\/\/www.faesafor.com\/es\/wp-content\/uploads\/2023\/10\/VIDEO-2-FAES.mp4\"><\/video><\/figure>\n\n\n\n<div style=\"height:20px\" aria-hidden=\"true\" class=\"wp-block-spacer\"><\/div>\n\n\n\n<div class=\"wp-block-file\"><a href=\"http:\/\/www.faesafor.com\/es\/wp-content\/uploads\/2023\/10\/FICHA-FAES_2_2023.pdf\" target=\"_blank\" rel=\"noopener noreferrer\">Descargar en formato PDF (Ficha 2)<\/a><\/div>\n\n\n\n<div style=\"height:30px\" aria-hidden=\"true\" class=\"wp-block-spacer\"><\/div>\n\n\n\n<p>Presentamos el tercer y \u00faltimo video del proyecto &#8216;<strong>Difusi\u00f3n de los ODS para empresas en la comarca de la Safor<\/strong>&#8216;. Abordamos el tema del Registro de Entidades Valencianas Socialmente Responsables, explicando su naturaleza, proceso y los criterios de evaluaci\u00f3n relevantes. <\/p>\n\n\n\n<figure class=\"wp-block-video\"><video controls src=\"http:\/\/www.faesafor.com\/es\/wp-content\/uploads\/2023\/10\/VIDEO-3-FAES.mp4\"><\/video><\/figure>\n\n\n\n<div style=\"height:20px\" aria-hidden=\"true\" class=\"wp-block-spacer\"><\/div>\n\n\n\n<div class=\"wp-block-file\"><a href=\"http:\/\/www.faesafor.com\/es\/wp-content\/uploads\/2023\/10\/FICHA-FAES_3_2023.pdf\" target=\"_blank\" rel=\"noopener noreferrer\">Descargar en formato PDF (Ficha 3)<\/a><\/div>\n\n\n\n<div style=\"height:50px\" aria-hidden=\"true\" class=\"wp-block-spacer\"><\/div>\n\n\n\n<h2 class=\"wp-block-heading\">Jornada online de Responsabilidad Social, 30 de octubre a las 9:30h <\/h2>\n\n\n\n<p>Se tratar\u00e1 de una jornada donde, brevemente, se introducir\u00e1 el concepto de la Agenda 2030 para el Desarrollo Sostenible y la consecuci\u00f3n de los ODS. Este acto busca concienciar a las empresas, especialmente a las pymes, de que es posible trabajar alineando sus esfuerzos con la sostenibilidad y que es de vital importancia, ya que, adem\u00e1s, ofrece beneficios intangibles para ellos mismos.<\/p>\n\n\n\n<p>Esta jornada se realizar\u00e1 conjuntamente con<strong>&nbsp;AESAFOR<\/strong>&nbsp;(Asociaci\u00f3n de empresarios de la Safor).<\/p>\n\n\n\n<p><strong>OBJETIVO DE LA JORNADA<\/strong><\/p>\n\n\n\n<p>Con esta actuaci\u00f3n se pretende seguir con las acciones de promoci\u00f3n como se pueden implementar buenas pr\u00e1cticas en materia de RSE en las empresas de la Safor.<\/p>\n\n\n\n<p>La jornada se dividir\u00e1 en distintas acciones que detallamos a continuaci\u00f3n:<\/p>\n\n\n\n<ul class=\"wp-block-list\"><li>Presentaci\u00f3n de las fichas de los ODS: Se mostrar\u00e1 a todos los asistentes el resultado final de las fichas, es decir, tanto el contenido como la maquetaci\u00f3n.<\/li><li>Presentaci\u00f3n del video resumen de las fichas ODS.<\/li><\/ul>\n\n\n\n<p><strong>A QUI\u00c9N VA DIRIGIDO<\/strong><\/p>\n\n\n\n<ul class=\"wp-block-list\"><li>T\u00e9cnicos de Calidad, Medio Ambiente, RRHH y RSE.<\/li><li>Cualquier profesional que tenga inter\u00e9s en el conocimiento de la RSC.<\/li><li>Empresarios de la zona de la comarca de la Safor.<\/li><\/ul>\n\n\n\n<p>Las inscripciones se llevar\u00e1n a cabo a trav\u00e9s del siguiente&nbsp;<a href=\"https:\/\/docs.google.com\/forms\/d\/e\/1FAIpQLSfcVieMtOJz-mkOlWQsjtPIWA31zvvl90R6CfcZf1ujugnPlg\/viewform\" target=\"_blank\" rel=\"noreferrer noopener\">formulario<\/a>.<\/p>\n","protected":false},"excerpt":{"rendered":"<p>Adjuntem el Diari Oficial de la GV Num. 9641\/17.07.2023 Resoluci\u00f3 13 de juliol de 2023. Difusi\u00f3n de ODS Presentamos el<\/p>\n","protected":false},"author":36,"featured_media":0,"parent":0,"menu_order":0,"comment_status":"closed","ping_status":"closed","template":"","meta":{"colormag_page_layout":"default_layout","footnotes":""},"class_list":["post-9235","page","type-page","status-publish","hentry"],"_links":{"self":[{"href":"https:\/\/faesafor.com\/es\/wp-json\/wp\/v2\/pages\/9235","targetHints":{"allow":["GET"]}}],"collection":[{"href":"https:\/\/faesafor.com\/es\/wp-json\/wp\/v2\/pages"}],"about":[{"href":"https:\/\/faesafor.com\/es\/wp-json\/wp\/v2\/types\/page"}],"author":[{"embeddable":true,"href":"https:\/\/faesafor.com\/es\/wp-json\/wp\/v2\/users\/36"}],"replies":[{"embeddable":true,"href":"https:\/\/faesafor.com\/es\/wp-json\/wp\/v2\/comments?post=9235"}],"version-history":[{"count":0,"href":"https:\/\/faesafor.com\/es\/wp-json\/wp\/v2\/pages\/9235\/revisions"}],"wp:attachment":[{"href":"https:\/\/faesafor.com\/es\/wp-json\/wp\/v2\/media?parent=9235"}],"curies":[{"name":"wp","href":"https:\/\/api.w.org\/{rel}","templated":true}]}}