{"id":9667,"date":"2024-05-16T08:00:00","date_gmt":"2024-05-16T07:00:00","guid":{"rendered":"http:\/\/www.faesafor.com\/es\/?page_id=9667"},"modified":"2025-04-16T10:11:12","modified_gmt":"2025-04-16T08:11:12","slug":"memoria-2023","status":"publish","type":"page","link":"https:\/\/faesafor.com\/es\/memoria-2023\/","title":{"rendered":"Memoria 2023"},"content":{"rendered":"\t\t<div data-elementor-type=\"wp-page\" data-elementor-id=\"9667\" class=\"elementor elementor-9667\" data-elementor-post-type=\"page\">\n\t\t\t\t<div class=\"elementor-element elementor-element-2c2e4ce6 e-flex e-con-boxed e-con e-parent\" data-id=\"2c2e4ce6\" data-element_type=\"container\">\n\t\t\t\t\t<div class=\"e-con-inner\">\n\t\t\t\t<div class=\"elementor-element elementor-element-5f30b65 elementor-widget elementor-widget-text-editor\" data-id=\"5f30b65\" data-element_type=\"widget\" data-widget_type=\"text-editor.default\">\n\t\t\t\t\t\t\t\t\t\n<p><strong>FEDERACI\u00d3N DE ASOCIACIONES DE EMPRESARIOS DE LA SAFOR<\/strong><\/p>\n\n<p><strong>SUMARIO<\/strong><\/p>\n\n<ol class=\"wp-block-list\">\n<li>Informe del presidente<\/li>\n<li>Informe secretaria<\/li>\n<li>\u00d3rganos de Gobierno de la Federaci\u00f3n<\/li>\n<li>Reuniones Junta Directiva y Asamblea<\/li>\n<li>Cronolog\u00eda de actos y actividades<\/li>\n<li>\u00c1reas de Trabajo<\/li>\n<li>Reivindicaciones empresariales<\/li>\n<li>Jornadas, Seminarios y Cursos<\/li>\n<li>Representaciones empresariales e institucionales<\/li>\n<li>Convenios de Colaboraci\u00f3n<\/li>\n<li>XXIV Encuentro Empresarial- Premios FAES 2023<\/li>\n<li>Circulares Informativas<\/li>\n<li>Prensa y Comunicaci\u00f3n<\/li>\n<li>Subvenciones recibidas y justificadas 2023<\/li>\n<li>Datos Econ\u00f3micos 2023 y presupuestos 2024<\/li>\n<li>Listado de Asociaciones que integran FAES<\/li>\n<\/ol>\n\t\t\t\t\t\t\t\t<\/div>\n\t\t\t\t\t<\/div>\n\t\t\t\t<\/div>\n\t\t<div class=\"elementor-element elementor-element-0895030 e-flex e-con-boxed e-con e-parent\" data-id=\"0895030\" data-element_type=\"container\">\n\t\t\t\t\t<div class=\"e-con-inner\">\n\t\t\t\t<div class=\"elementor-element elementor-element-d1ad161 elementor-align-center elementor-widget elementor-widget-button\" data-id=\"d1ad161\" data-element_type=\"widget\" data-widget_type=\"button.default\">\n\t\t\t\t\t\t\t\t\t\t<a class=\"elementor-button elementor-button-link elementor-size-sm\" href=\"http:\/\/www.faesafor.com\/es\/wp-content\/uploads\/2024\/05\/MEMORIA-FAES-2023.pdf\">\n\t\t\t\t\t\t<span class=\"elementor-button-content-wrapper\">\n\t\t\t\t\t\t\t\t\t<span class=\"elementor-button-text\">Memoria completa<\/span>\n\t\t\t\t\t<\/span>\n\t\t\t\t\t<\/a>\n\t\t\t\t\t\t\t\t<\/div>\n\t\t\t\t\t<\/div>\n\t\t\t\t<\/div>\n\t\t\t\t<\/div>\n\t\t","protected":false},"excerpt":{"rendered":"<p>FEDERACI\u00d3N DE ASOCIACIONES DE EMPRESARIOS DE LA SAFOR SUMARIO Informe del presidente Informe secretaria \u00d3rganos de Gobierno de la Federaci\u00f3n<\/p>\n","protected":false},"author":36,"featured_media":0,"parent":0,"menu_order":0,"comment_status":"closed","ping_status":"closed","template":"","meta":{"colormag_page_layout":"default_layout","footnotes":""},"class_list":["post-9667","page","type-page","status-publish","hentry"],"_links":{"self":[{"href":"https:\/\/faesafor.com\/es\/wp-json\/wp\/v2\/pages\/9667","targetHints":{"allow":["GET"]}}],"collection":[{"href":"https:\/\/faesafor.com\/es\/wp-json\/wp\/v2\/pages"}],"about":[{"href":"https:\/\/faesafor.com\/es\/wp-json\/wp\/v2\/types\/page"}],"author":[{"embeddable":true,"href":"https:\/\/faesafor.com\/es\/wp-json\/wp\/v2\/users\/36"}],"replies":[{"embeddable":true,"href":"https:\/\/faesafor.com\/es\/wp-json\/wp\/v2\/comments?post=9667"}],"version-history":[{"count":0,"href":"https:\/\/faesafor.com\/es\/wp-json\/wp\/v2\/pages\/9667\/revisions"}],"wp:attachment":[{"href":"https:\/\/faesafor.com\/es\/wp-json\/wp\/v2\/media?parent=9667"}],"curies":[{"name":"wp","href":"https:\/\/api.w.org\/{rel}","templated":true}]}}